{"id":16933,"date":"2025-02-21T03:13:37","date_gmt":"2025-02-21T03:13:37","guid":{"rendered":"https:\/\/www.vtmarkets.net\/fr\/?page_id=16933"},"modified":"2025-02-21T03:13:38","modified_gmt":"2025-02-21T03:13:38","slug":"lloyds-insurance","status":"publish","type":"page","link":"https:\/\/www.vtmarkets.net\/fr\/lloyds-insurance\/","title":{"rendered":"Lloyds Insurance"},"content":{"rendered":"","protected":false},"excerpt":{"rendered":"","protected":false},"author":5,"featured_media":0,"parent":0,"menu_order":0,"comment_status":"closed","ping_status":"closed","template":"template_lloyds_insurance.php","meta":{"_acf_changed":false,"om_disable_all_campaigns":false,"_monsterinsights_skip_tracking":false,"_monsterinsights_sitenote_active":false,"_monsterinsights_sitenote_note":"","_monsterinsights_sitenote_category":0,"footnotes":""},"class_list":["post-16933","page","type-page","status-publish","hentry"],"acf":[],"aioseo_notices":[],"aioseo_head":"\n\t\t<!-- All in One SEO Pro 4.9.5.2 - aioseo.com -->\n\t<meta name=\"description\" content=\"VT Markets prot\u00e8ge les fonds de ses clients gr\u00e2ce \u00e0 une couverture d\u2019assurance Lloyd\u2019s. Profitez d\u2019une s\u00e9curit\u00e9 renforc\u00e9e et d\u2019une tranquillit\u00e9 d\u2019esprit tout en tradant dans un environnement s\u00fbr et fiable.\" \/>\n\t<meta name=\"robots\" content=\"max-image-preview:large\" \/>\n\t<link rel=\"canonical\" href=\"https:\/\/www.vtmarkets.net\/fr\/lloyds-insurance\/\" \/>\n\t<meta name=\"generator\" content=\"All in One SEO Pro (AIOSEO) 4.9.5.2\" \/>\n\t\t<meta property=\"og:locale\" content=\"en_US\" \/>\n\t\t<meta property=\"og:site_name\" content=\"VT Markets -\" \/>\n\t\t<meta property=\"og:type\" content=\"article\" \/>\n\t\t<meta property=\"og:title\" content=\"Les Fonds des Clients VT Markets S\u00e9curis\u00e9s par l\u2019Assurance Lloyd\u2019s\" \/>\n\t\t<meta property=\"og:description\" content=\"VT Markets prot\u00e8ge les fonds de ses clients gr\u00e2ce \u00e0 une couverture d\u2019assurance Lloyd\u2019s. Profitez d\u2019une s\u00e9curit\u00e9 renforc\u00e9e et d\u2019une tranquillit\u00e9 d\u2019esprit tout en tradant dans un environnement s\u00fbr et fiable.\" \/>\n\t\t<meta property=\"og:url\" content=\"https:\/\/www.vtmarkets.net\/fr\/lloyds-insurance\/\" \/>\n\t\t<meta property=\"article:published_time\" content=\"2025-02-21T03:13:37+00:00\" \/>\n\t\t<meta property=\"article:modified_time\" content=\"2025-02-21T03:13:38+00:00\" \/>\n\t\t<meta name=\"twitter:card\" content=\"summary_large_image\" \/>\n\t\t<meta name=\"twitter:title\" content=\"Les Fonds des Clients VT Markets S\u00e9curis\u00e9s par l\u2019Assurance Lloyd\u2019s\" \/>\n\t\t<meta name=\"twitter:description\" content=\"VT Markets prot\u00e8ge les fonds de ses clients gr\u00e2ce \u00e0 une couverture d\u2019assurance Lloyd\u2019s. Profitez d\u2019une s\u00e9curit\u00e9 renforc\u00e9e et d\u2019une tranquillit\u00e9 d\u2019esprit tout en tradant dans un environnement s\u00fbr et fiable.\" \/>\n\t\t<script type=\"application\/ld+json\" class=\"aioseo-schema\">\n\t\t\t{\"@context\":\"https:\\\/\\\/schema.org\",\"@graph\":[{\"@type\":\"BreadcrumbList\",\"@id\":\"https:\\\/\\\/www.vtmarkets.net\\\/fr\\\/lloyds-insurance\\\/#breadcrumblist\",\"itemListElement\":[{\"@type\":\"ListItem\",\"@id\":\"https:\\\/\\\/www.vtmarkets.net\\\/fr#listItem\",\"position\":1,\"name\":\"Home\",\"item\":\"https:\\\/\\\/www.vtmarkets.net\\\/fr\",\"nextItem\":{\"@type\":\"ListItem\",\"@id\":\"https:\\\/\\\/www.vtmarkets.net\\\/fr\\\/lloyds-insurance\\\/#listItem\",\"name\":\"Lloyds Insurance\"}},{\"@type\":\"ListItem\",\"@id\":\"https:\\\/\\\/www.vtmarkets.net\\\/fr\\\/lloyds-insurance\\\/#listItem\",\"position\":2,\"name\":\"Lloyds Insurance\",\"previousItem\":{\"@type\":\"ListItem\",\"@id\":\"https:\\\/\\\/www.vtmarkets.net\\\/fr#listItem\",\"name\":\"Home\"}}]},{\"@type\":\"Organization\",\"@id\":\"https:\\\/\\\/www.vtmarkets.net\\\/fr\\\/#organization\",\"name\":\"VT Markets\",\"url\":\"https:\\\/\\\/www.vtmarkets.net\\\/fr\\\/\"},{\"@type\":\"WebPage\",\"@id\":\"https:\\\/\\\/www.vtmarkets.net\\\/fr\\\/lloyds-insurance\\\/#webpage\",\"url\":\"https:\\\/\\\/www.vtmarkets.net\\\/fr\\\/lloyds-insurance\\\/\",\"name\":\"Les Fonds des Clients VT Markets S\\u00e9curis\\u00e9s par l\\u2019Assurance Lloyd\\u2019s\",\"description\":\"VT Markets prot\\u00e8ge les fonds de ses clients gr\\u00e2ce \\u00e0 une couverture d\\u2019assurance Lloyd\\u2019s. Profitez d\\u2019une s\\u00e9curit\\u00e9 renforc\\u00e9e et d\\u2019une tranquillit\\u00e9 d\\u2019esprit tout en tradant dans un environnement s\\u00fbr et fiable.\",\"inLanguage\":\"en-US\",\"isPartOf\":{\"@id\":\"https:\\\/\\\/www.vtmarkets.net\\\/fr\\\/#website\"},\"breadcrumb\":{\"@id\":\"https:\\\/\\\/www.vtmarkets.net\\\/fr\\\/lloyds-insurance\\\/#breadcrumblist\"},\"datePublished\":\"2025-02-21T03:13:37+00:00\",\"dateModified\":\"2025-02-21T03:13:38+00:00\"},{\"@type\":\"WebSite\",\"@id\":\"https:\\\/\\\/www.vtmarkets.net\\\/fr\\\/#website\",\"url\":\"https:\\\/\\\/www.vtmarkets.net\\\/fr\\\/\",\"name\":\"VT Markets\",\"inLanguage\":\"en-US\",\"publisher\":{\"@id\":\"https:\\\/\\\/www.vtmarkets.net\\\/fr\\\/#organization\"}}]}\n\t\t<\/script>\n\t\t<!-- All in One SEO Pro -->\r\n\t\t<title>Les Fonds des Clients VT Markets S\u00e9curis\u00e9s par l\u2019Assurance Lloyd\u2019s<\/title>\n\n","aioseo_head_json":{"title":"Les Fonds des Clients VT Markets S\u00e9curis\u00e9s par l\u2019Assurance Lloyd\u2019s","description":"VT Markets prot\u00e8ge les fonds de ses clients gr\u00e2ce \u00e0 une couverture d\u2019assurance Lloyd\u2019s. Profitez d\u2019une s\u00e9curit\u00e9 renforc\u00e9e et d\u2019une tranquillit\u00e9 d\u2019esprit tout en tradant dans un environnement s\u00fbr et fiable.","canonical_url":"https:\/\/www.vtmarkets.net\/fr\/lloyds-insurance\/","robots":"max-image-preview:large","keywords":"","webmasterTools":{"miscellaneous":""},"schema":{"@context":"https:\/\/schema.org","@graph":[{"@type":"BreadcrumbList","@id":"https:\/\/www.vtmarkets.net\/fr\/lloyds-insurance\/#breadcrumblist","itemListElement":[{"@type":"ListItem","@id":"https:\/\/www.vtmarkets.net\/fr#listItem","position":1,"name":"Home","item":"https:\/\/www.vtmarkets.net\/fr","nextItem":{"@type":"ListItem","@id":"https:\/\/www.vtmarkets.net\/fr\/lloyds-insurance\/#listItem","name":"Lloyds Insurance"}},{"@type":"ListItem","@id":"https:\/\/www.vtmarkets.net\/fr\/lloyds-insurance\/#listItem","position":2,"name":"Lloyds Insurance","previousItem":{"@type":"ListItem","@id":"https:\/\/www.vtmarkets.net\/fr#listItem","name":"Home"}}]},{"@type":"Organization","@id":"https:\/\/www.vtmarkets.net\/fr\/#organization","name":"VT Markets","url":"https:\/\/www.vtmarkets.net\/fr\/"},{"@type":"WebPage","@id":"https:\/\/www.vtmarkets.net\/fr\/lloyds-insurance\/#webpage","url":"https:\/\/www.vtmarkets.net\/fr\/lloyds-insurance\/","name":"Les Fonds des Clients VT Markets S\u00e9curis\u00e9s par l\u2019Assurance Lloyd\u2019s","description":"VT Markets prot\u00e8ge les fonds de ses clients gr\u00e2ce \u00e0 une couverture d\u2019assurance Lloyd\u2019s. Profitez d\u2019une s\u00e9curit\u00e9 renforc\u00e9e et d\u2019une tranquillit\u00e9 d\u2019esprit tout en tradant dans un environnement s\u00fbr et fiable.","inLanguage":"en-US","isPartOf":{"@id":"https:\/\/www.vtmarkets.net\/fr\/#website"},"breadcrumb":{"@id":"https:\/\/www.vtmarkets.net\/fr\/lloyds-insurance\/#breadcrumblist"},"datePublished":"2025-02-21T03:13:37+00:00","dateModified":"2025-02-21T03:13:38+00:00"},{"@type":"WebSite","@id":"https:\/\/www.vtmarkets.net\/fr\/#website","url":"https:\/\/www.vtmarkets.net\/fr\/","name":"VT Markets","inLanguage":"en-US","publisher":{"@id":"https:\/\/www.vtmarkets.net\/fr\/#organization"}}]},"og:locale":"en_US","og:site_name":"VT Markets -","og:type":"article","og:title":"Les Fonds des Clients VT Markets S\u00e9curis\u00e9s par l\u2019Assurance Lloyd\u2019s","og:description":"VT Markets prot\u00e8ge les fonds de ses clients gr\u00e2ce \u00e0 une couverture d\u2019assurance Lloyd\u2019s. Profitez d\u2019une s\u00e9curit\u00e9 renforc\u00e9e et d\u2019une tranquillit\u00e9 d\u2019esprit tout en tradant dans un environnement s\u00fbr et fiable.","og:url":"https:\/\/www.vtmarkets.net\/fr\/lloyds-insurance\/","article:published_time":"2025-02-21T03:13:37+00:00","article:modified_time":"2025-02-21T03:13:38+00:00","twitter:card":"summary_large_image","twitter:title":"Les Fonds des Clients VT Markets S\u00e9curis\u00e9s par l\u2019Assurance Lloyd\u2019s","twitter:description":"VT Markets prot\u00e8ge les fonds de ses clients gr\u00e2ce \u00e0 une couverture d\u2019assurance Lloyd\u2019s. Profitez d\u2019une s\u00e9curit\u00e9 renforc\u00e9e et d\u2019une tranquillit\u00e9 d\u2019esprit tout en tradant dans un environnement s\u00fbr et fiable."},"aioseo_meta_data":{"post_id":"16933","title":"Les Fonds des Clients VT Markets S\u00e9curis\u00e9s par l\u2019Assurance Lloyd\u2019s","description":"VT Markets prot\u00e8ge les fonds de ses clients gr\u00e2ce \u00e0 une couverture d\u2019assurance Lloyd\u2019s. Profitez d\u2019une s\u00e9curit\u00e9 renforc\u00e9e et d\u2019une tranquillit\u00e9 d\u2019esprit tout en tradant dans un environnement s\u00fbr et fiable.","keywords":null,"keyphrases":{"focus":{"keyphrase":"","score":0,"analysis":{"keyphraseInTitle":{"score":0,"maxScore":9,"error":1}}},"additional":[]},"primary_term":null,"canonical_url":null,"og_title":null,"og_description":null,"og_object_type":"default","og_image_type":"default","og_image_url":null,"og_image_width":null,"og_image_height":null,"og_image_custom_url":null,"og_image_custom_fields":null,"og_video":"","og_custom_url":null,"og_article_section":null,"og_article_tags":null,"twitter_use_og":false,"twitter_card":"default","twitter_image_type":"default","twitter_image_url":null,"twitter_image_custom_url":null,"twitter_image_custom_fields":null,"twitter_title":null,"twitter_description":null,"schema":{"blockGraphs":[],"customGraphs":[],"default":{"data":{"Article":[],"Course":[],"Dataset":[],"FAQPage":[],"Movie":[],"Person":[],"Product":[],"ProductReview":[],"Car":[],"Recipe":[],"Service":[],"SoftwareApplication":[],"WebPage":[]},"graphName":"WebPage","isEnabled":true},"graphs":[]},"schema_type":"default","schema_type_options":null,"pillar_content":false,"robots_default":true,"robots_noindex":false,"robots_noarchive":false,"robots_nosnippet":false,"robots_nofollow":false,"robots_noimageindex":false,"robots_noodp":false,"robots_notranslate":false,"robots_max_snippet":"-1","robots_max_videopreview":"-1","robots_max_imagepreview":"large","priority":null,"frequency":"default","local_seo":null,"seo_analyzer_scan_date":"2025-10-08 18:14:26","breadcrumb_settings":null,"limit_modified_date":false,"reviewed_by":null,"open_ai":"{\"title\":{\"suggestions\":[],\"usage\":0},\"description\":{\"suggestions\":[],\"usage\":0}}","ai":null,"created":"2025-02-21 03:13:38","updated":"2026-03-13 09:07:58"},"aioseo_breadcrumb":"<div class=\"aioseo-breadcrumbs\"><span class=\"aioseo-breadcrumb\">\n\t<a href=\"https:\/\/www.vtmarkets.net\/fr\" title=\"Home\">Home<\/a>\n<\/span><span class=\"aioseo-breadcrumb-separator\">&raquo;<\/span><span class=\"aioseo-breadcrumb\">\n\tLloyds Insurance\n<\/span><\/div>","aioseo_breadcrumb_json":[{"label":"Home","link":"https:\/\/www.vtmarkets.net\/fr"},{"label":"Lloyds Insurance","link":"https:\/\/www.vtmarkets.net\/fr\/lloyds-insurance\/"}],"_links":{"self":[{"href":"https:\/\/www.vtmarkets.net\/fr\/wp-json\/wp\/v2\/pages\/16933","targetHints":{"allow":["GET"]}}],"collection":[{"href":"https:\/\/www.vtmarkets.net\/fr\/wp-json\/wp\/v2\/pages"}],"about":[{"href":"https:\/\/www.vtmarkets.net\/fr\/wp-json\/wp\/v2\/types\/page"}],"author":[{"embeddable":true,"href":"https:\/\/www.vtmarkets.net\/fr\/wp-json\/wp\/v2\/users\/5"}],"replies":[{"embeddable":true,"href":"https:\/\/www.vtmarkets.net\/fr\/wp-json\/wp\/v2\/comments?post=16933"}],"version-history":[{"count":0,"href":"https:\/\/www.vtmarkets.net\/fr\/wp-json\/wp\/v2\/pages\/16933\/revisions"}],"wp:attachment":[{"href":"https:\/\/www.vtmarkets.net\/fr\/wp-json\/wp\/v2\/media?parent=16933"}],"curies":[{"name":"wp","href":"https:\/\/api.w.org\/{rel}","templated":true}]}}