{"id":16904,"date":"2025-02-20T12:23:03","date_gmt":"2025-02-20T12:23:03","guid":{"rendered":"https:\/\/www.vtmarkets.net\/fr\/?page_id=16904"},"modified":"2025-06-03T08:37:46","modified_gmt":"2025-06-03T08:37:46","slug":"uk-cfd-shares","status":"publish","type":"page","link":"https:\/\/www.vtmarkets.net\/fr\/cfd-shares\/uk-cfd-shares\/","title":{"rendered":"UK Share CFDs"},"content":{"rendered":"","protected":false},"excerpt":{"rendered":"","protected":false},"author":7,"featured_media":0,"parent":156,"menu_order":0,"comment_status":"closed","ping_status":"closed","template":"template_uk_cfd_shares.php","meta":{"_acf_changed":true,"om_disable_all_campaigns":false,"_monsterinsights_skip_tracking":false,"_monsterinsights_sitenote_active":false,"_monsterinsights_sitenote_note":"","_monsterinsights_sitenote_category":0,"footnotes":""},"class_list":["post-16904","page","type-page","status-publish","hentry"],"acf":[],"aioseo_notices":[],"aioseo_head":"\n\t\t<!-- All in One SEO Pro 4.9.5.2 - aioseo.com -->\n\t<meta name=\"description\" content=\"Tradez 100+ actions UK via CFD avec effet de levier jusqu\u2019\u00e0 20:1 sur MT4\/MT5. Acc\u00e9dez \u00e0 Barclays, BP, Unilever avec spreads comp\u00e9titifs et ex\u00e9cution rapide.\" \/>\n\t<meta name=\"robots\" content=\"max-image-preview:large\" \/>\n\t<link rel=\"canonical\" href=\"https:\/\/www.vtmarkets.net\/fr\/cfd-shares\/uk-cfd-shares\/\" \/>\n\t<meta name=\"generator\" content=\"All in One SEO Pro (AIOSEO) 4.9.5.2\" \/>\n\t\t<meta property=\"og:locale\" content=\"en_US\" \/>\n\t\t<meta property=\"og:site_name\" content=\"VT Markets -\" \/>\n\t\t<meta property=\"og:type\" content=\"article\" \/>\n\t\t<meta property=\"og:title\" content=\"CFD Actions UK | Tradez les actions UK avec VT Markets\" \/>\n\t\t<meta property=\"og:description\" content=\"Tradez 100+ actions UK via CFD avec effet de levier jusqu\u2019\u00e0 20:1 sur MT4\/MT5. Acc\u00e9dez \u00e0 Barclays, BP, Unilever avec spreads comp\u00e9titifs et ex\u00e9cution rapide.\" \/>\n\t\t<meta property=\"og:url\" content=\"https:\/\/www.vtmarkets.net\/fr\/cfd-shares\/uk-cfd-shares\/\" \/>\n\t\t<meta property=\"article:published_time\" content=\"2025-02-20T12:23:03+00:00\" \/>\n\t\t<meta property=\"article:modified_time\" content=\"2025-06-03T08:37:46+00:00\" \/>\n\t\t<meta name=\"twitter:card\" content=\"summary_large_image\" \/>\n\t\t<meta name=\"twitter:title\" content=\"CFD Actions UK | Tradez les actions UK avec VT Markets\" \/>\n\t\t<meta name=\"twitter:description\" content=\"Tradez 100+ actions UK via CFD avec effet de levier jusqu\u2019\u00e0 20:1 sur MT4\/MT5. Acc\u00e9dez \u00e0 Barclays, BP, Unilever avec spreads comp\u00e9titifs et ex\u00e9cution rapide.\" \/>\n\t\t<script type=\"application\/ld+json\" class=\"aioseo-schema\">\n\t\t\t{\"@context\":\"https:\\\/\\\/schema.org\",\"@graph\":[{\"@type\":\"BreadcrumbList\",\"@id\":\"https:\\\/\\\/www.vtmarkets.net\\\/fr\\\/cfd-shares\\\/uk-cfd-shares\\\/#breadcrumblist\",\"itemListElement\":[{\"@type\":\"ListItem\",\"@id\":\"https:\\\/\\\/www.vtmarkets.net\\\/fr#listItem\",\"position\":1,\"name\":\"Home\",\"item\":\"https:\\\/\\\/www.vtmarkets.net\\\/fr\",\"nextItem\":{\"@type\":\"ListItem\",\"@id\":\"https:\\\/\\\/www.vtmarkets.net\\\/fr\\\/cfd-shares\\\/#listItem\",\"name\":\"CFD Shares\"}},{\"@type\":\"ListItem\",\"@id\":\"https:\\\/\\\/www.vtmarkets.net\\\/fr\\\/cfd-shares\\\/#listItem\",\"position\":2,\"name\":\"CFD Shares\",\"item\":\"https:\\\/\\\/www.vtmarkets.net\\\/fr\\\/cfd-shares\\\/\",\"nextItem\":{\"@type\":\"ListItem\",\"@id\":\"https:\\\/\\\/www.vtmarkets.net\\\/fr\\\/cfd-shares\\\/uk-cfd-shares\\\/#listItem\",\"name\":\"UK Share CFDs\"},\"previousItem\":{\"@type\":\"ListItem\",\"@id\":\"https:\\\/\\\/www.vtmarkets.net\\\/fr#listItem\",\"name\":\"Home\"}},{\"@type\":\"ListItem\",\"@id\":\"https:\\\/\\\/www.vtmarkets.net\\\/fr\\\/cfd-shares\\\/uk-cfd-shares\\\/#listItem\",\"position\":3,\"name\":\"UK Share CFDs\",\"previousItem\":{\"@type\":\"ListItem\",\"@id\":\"https:\\\/\\\/www.vtmarkets.net\\\/fr\\\/cfd-shares\\\/#listItem\",\"name\":\"CFD Shares\"}}]},{\"@type\":\"Organization\",\"@id\":\"https:\\\/\\\/www.vtmarkets.net\\\/fr\\\/#organization\",\"name\":\"VT Markets\",\"url\":\"https:\\\/\\\/www.vtmarkets.net\\\/fr\\\/\"},{\"@type\":\"WebPage\",\"@id\":\"https:\\\/\\\/www.vtmarkets.net\\\/fr\\\/cfd-shares\\\/uk-cfd-shares\\\/#webpage\",\"url\":\"https:\\\/\\\/www.vtmarkets.net\\\/fr\\\/cfd-shares\\\/uk-cfd-shares\\\/\",\"name\":\"CFD Actions UK | Tradez les actions UK avec VT Markets\",\"description\":\"Tradez 100+ actions UK via CFD avec effet de levier jusqu\\u2019\\u00e0 20:1 sur MT4\\\/MT5. Acc\\u00e9dez \\u00e0 Barclays, BP, Unilever avec spreads comp\\u00e9titifs et ex\\u00e9cution rapide.\",\"inLanguage\":\"en-US\",\"isPartOf\":{\"@id\":\"https:\\\/\\\/www.vtmarkets.net\\\/fr\\\/#website\"},\"breadcrumb\":{\"@id\":\"https:\\\/\\\/www.vtmarkets.net\\\/fr\\\/cfd-shares\\\/uk-cfd-shares\\\/#breadcrumblist\"},\"datePublished\":\"2025-02-20T12:23:03+00:00\",\"dateModified\":\"2025-06-03T08:37:46+00:00\"},{\"@type\":\"WebSite\",\"@id\":\"https:\\\/\\\/www.vtmarkets.net\\\/fr\\\/#website\",\"url\":\"https:\\\/\\\/www.vtmarkets.net\\\/fr\\\/\",\"name\":\"VT Markets\",\"inLanguage\":\"en-US\",\"publisher\":{\"@id\":\"https:\\\/\\\/www.vtmarkets.net\\\/fr\\\/#organization\"}}]}\n\t\t<\/script>\n\t\t<!-- All in One SEO Pro -->\r\n\t\t<title>CFD Actions UK | Tradez les actions UK avec VT Markets<\/title>\n\n","aioseo_head_json":{"title":"CFD Actions UK | Tradez les actions UK avec VT Markets","description":"Tradez 100+ actions UK via CFD avec effet de levier jusqu\u2019\u00e0 20:1 sur MT4\/MT5. Acc\u00e9dez \u00e0 Barclays, BP, Unilever avec spreads comp\u00e9titifs et ex\u00e9cution rapide.","canonical_url":"https:\/\/www.vtmarkets.net\/fr\/cfd-shares\/uk-cfd-shares\/","robots":"max-image-preview:large","keywords":"","webmasterTools":{"miscellaneous":""},"schema":{"@context":"https:\/\/schema.org","@graph":[{"@type":"BreadcrumbList","@id":"https:\/\/www.vtmarkets.net\/fr\/cfd-shares\/uk-cfd-shares\/#breadcrumblist","itemListElement":[{"@type":"ListItem","@id":"https:\/\/www.vtmarkets.net\/fr#listItem","position":1,"name":"Home","item":"https:\/\/www.vtmarkets.net\/fr","nextItem":{"@type":"ListItem","@id":"https:\/\/www.vtmarkets.net\/fr\/cfd-shares\/#listItem","name":"CFD Shares"}},{"@type":"ListItem","@id":"https:\/\/www.vtmarkets.net\/fr\/cfd-shares\/#listItem","position":2,"name":"CFD Shares","item":"https:\/\/www.vtmarkets.net\/fr\/cfd-shares\/","nextItem":{"@type":"ListItem","@id":"https:\/\/www.vtmarkets.net\/fr\/cfd-shares\/uk-cfd-shares\/#listItem","name":"UK Share CFDs"},"previousItem":{"@type":"ListItem","@id":"https:\/\/www.vtmarkets.net\/fr#listItem","name":"Home"}},{"@type":"ListItem","@id":"https:\/\/www.vtmarkets.net\/fr\/cfd-shares\/uk-cfd-shares\/#listItem","position":3,"name":"UK Share CFDs","previousItem":{"@type":"ListItem","@id":"https:\/\/www.vtmarkets.net\/fr\/cfd-shares\/#listItem","name":"CFD Shares"}}]},{"@type":"Organization","@id":"https:\/\/www.vtmarkets.net\/fr\/#organization","name":"VT Markets","url":"https:\/\/www.vtmarkets.net\/fr\/"},{"@type":"WebPage","@id":"https:\/\/www.vtmarkets.net\/fr\/cfd-shares\/uk-cfd-shares\/#webpage","url":"https:\/\/www.vtmarkets.net\/fr\/cfd-shares\/uk-cfd-shares\/","name":"CFD Actions UK | Tradez les actions UK avec VT Markets","description":"Tradez 100+ actions UK via CFD avec effet de levier jusqu\u2019\u00e0 20:1 sur MT4\/MT5. Acc\u00e9dez \u00e0 Barclays, BP, Unilever avec spreads comp\u00e9titifs et ex\u00e9cution rapide.","inLanguage":"en-US","isPartOf":{"@id":"https:\/\/www.vtmarkets.net\/fr\/#website"},"breadcrumb":{"@id":"https:\/\/www.vtmarkets.net\/fr\/cfd-shares\/uk-cfd-shares\/#breadcrumblist"},"datePublished":"2025-02-20T12:23:03+00:00","dateModified":"2025-06-03T08:37:46+00:00"},{"@type":"WebSite","@id":"https:\/\/www.vtmarkets.net\/fr\/#website","url":"https:\/\/www.vtmarkets.net\/fr\/","name":"VT Markets","inLanguage":"en-US","publisher":{"@id":"https:\/\/www.vtmarkets.net\/fr\/#organization"}}]},"og:locale":"en_US","og:site_name":"VT Markets -","og:type":"article","og:title":"CFD Actions UK | Tradez les actions UK avec VT Markets","og:description":"Tradez 100+ actions UK via CFD avec effet de levier jusqu\u2019\u00e0 20:1 sur MT4\/MT5. Acc\u00e9dez \u00e0 Barclays, BP, Unilever avec spreads comp\u00e9titifs et ex\u00e9cution rapide.","og:url":"https:\/\/www.vtmarkets.net\/fr\/cfd-shares\/uk-cfd-shares\/","article:published_time":"2025-02-20T12:23:03+00:00","article:modified_time":"2025-06-03T08:37:46+00:00","twitter:card":"summary_large_image","twitter:title":"CFD Actions UK | Tradez les actions UK avec VT Markets","twitter:description":"Tradez 100+ actions UK via CFD avec effet de levier jusqu\u2019\u00e0 20:1 sur MT4\/MT5. Acc\u00e9dez \u00e0 Barclays, BP, Unilever avec spreads comp\u00e9titifs et ex\u00e9cution rapide."},"aioseo_meta_data":{"post_id":"16904","title":"CFD Actions UK | Tradez les actions UK avec VT Markets","description":"Tradez 100+ actions UK via CFD avec effet de levier jusqu\u2019\u00e0 20:1 sur MT4\/MT5. Acc\u00e9dez \u00e0 Barclays, BP, Unilever avec spreads comp\u00e9titifs et ex\u00e9cution rapide.","keywords":null,"keyphrases":{"focus":{"keyphrase":"","score":0,"analysis":{"keyphraseInTitle":{"score":0,"maxScore":9,"error":1}}},"additional":[]},"primary_term":null,"canonical_url":null,"og_title":null,"og_description":null,"og_object_type":"default","og_image_type":"default","og_image_url":null,"og_image_width":null,"og_image_height":null,"og_image_custom_url":null,"og_image_custom_fields":null,"og_video":"","og_custom_url":null,"og_article_section":null,"og_article_tags":null,"twitter_use_og":false,"twitter_card":"default","twitter_image_type":"default","twitter_image_url":null,"twitter_image_custom_url":null,"twitter_image_custom_fields":null,"twitter_title":null,"twitter_description":null,"schema":{"blockGraphs":[],"customGraphs":[],"default":{"data":{"Article":[],"Course":[],"Dataset":[],"FAQPage":[],"Movie":[],"Person":[],"Product":[],"ProductReview":[],"Car":[],"Recipe":[],"Service":[],"SoftwareApplication":[],"WebPage":[]},"graphName":"WebPage","isEnabled":true},"graphs":[]},"schema_type":"default","schema_type_options":null,"pillar_content":false,"robots_default":true,"robots_noindex":false,"robots_noarchive":false,"robots_nosnippet":false,"robots_nofollow":false,"robots_noimageindex":false,"robots_noodp":false,"robots_notranslate":false,"robots_max_snippet":"-1","robots_max_videopreview":"-1","robots_max_imagepreview":"large","priority":null,"frequency":"default","local_seo":null,"seo_analyzer_scan_date":"2025-10-08 18:10:47","breadcrumb_settings":null,"limit_modified_date":false,"reviewed_by":null,"open_ai":"{\"title\":{\"suggestions\":[],\"usage\":0},\"description\":{\"suggestions\":[],\"usage\":0}}","ai":null,"created":"2025-02-20 12:23:04","updated":"2026-03-13 09:08:02"},"aioseo_breadcrumb":"<div class=\"aioseo-breadcrumbs\"><span class=\"aioseo-breadcrumb\">\n\t<a href=\"https:\/\/www.vtmarkets.net\/fr\" title=\"Home\">Home<\/a>\n<\/span><span class=\"aioseo-breadcrumb-separator\">&raquo;<\/span><span class=\"aioseo-breadcrumb\">\n\t<a href=\"https:\/\/www.vtmarkets.net\/fr\/cfd-shares\/\" title=\"CFD Shares\">CFD Shares<\/a>\n<\/span><span class=\"aioseo-breadcrumb-separator\">&raquo;<\/span><span class=\"aioseo-breadcrumb\">\n\tUK Share CFDs\n<\/span><\/div>","aioseo_breadcrumb_json":[{"label":"Home","link":"https:\/\/www.vtmarkets.net\/fr"},{"label":"CFD Shares","link":"https:\/\/www.vtmarkets.net\/fr\/cfd-shares\/"},{"label":"UK Share CFDs","link":"https:\/\/www.vtmarkets.net\/fr\/cfd-shares\/uk-cfd-shares\/"}],"_links":{"self":[{"href":"https:\/\/www.vtmarkets.net\/fr\/wp-json\/wp\/v2\/pages\/16904","targetHints":{"allow":["GET"]}}],"collection":[{"href":"https:\/\/www.vtmarkets.net\/fr\/wp-json\/wp\/v2\/pages"}],"about":[{"href":"https:\/\/www.vtmarkets.net\/fr\/wp-json\/wp\/v2\/types\/page"}],"author":[{"embeddable":true,"href":"https:\/\/www.vtmarkets.net\/fr\/wp-json\/wp\/v2\/users\/7"}],"replies":[{"embeddable":true,"href":"https:\/\/www.vtmarkets.net\/fr\/wp-json\/wp\/v2\/comments?post=16904"}],"version-history":[{"count":0,"href":"https:\/\/www.vtmarkets.net\/fr\/wp-json\/wp\/v2\/pages\/16904\/revisions"}],"up":[{"embeddable":true,"href":"https:\/\/www.vtmarkets.net\/fr\/wp-json\/wp\/v2\/pages\/156"}],"wp:attachment":[{"href":"https:\/\/www.vtmarkets.net\/fr\/wp-json\/wp\/v2\/media?parent=16904"}],"curies":[{"name":"wp","href":"https:\/\/api.w.org\/{rel}","templated":true}]}}