{"id":16040,"date":"2024-12-17T02:45:03","date_gmt":"2024-12-17T02:45:03","guid":{"rendered":"https:\/\/www.vtmarkets.net\/?page_id=16040"},"modified":"2025-07-23T09:00:45","modified_gmt":"2025-07-23T09:00:45","slug":"deposit-bonus","status":"publish","type":"page","link":"https:\/\/www.vtmarkets.net\/fr\/promotions\/deposit-bonus\/","title":{"rendered":"Deposit Bonus"},"content":{"rendered":"","protected":false},"excerpt":{"rendered":"","protected":false},"author":2,"featured_media":0,"parent":16030,"menu_order":0,"comment_status":"closed","ping_status":"closed","template":"template_deposit_bonus.php","meta":{"_acf_changed":true,"om_disable_all_campaigns":false,"_monsterinsights_skip_tracking":false,"_monsterinsights_sitenote_active":false,"_monsterinsights_sitenote_note":"","_monsterinsights_sitenote_category":0,"footnotes":""},"class_list":["post-16040","page","type-page","status-publish","hentry"],"acf":[],"aioseo_notices":[],"aioseo_head":"\n\t\t<!-- All in One SEO Pro 4.9.5.2 - aioseo.com -->\n\t<meta name=\"description\" content=\"Obtenez un bonus de d\u00e9p\u00f4t avec VT Markets. Augmentez votre capital de trading et explorez le forex avec des fonds suppl\u00e9mentaires. Commencez d\u00e8s maintenant !\" \/>\n\t<meta name=\"robots\" content=\"max-image-preview:large\" \/>\n\t<link rel=\"canonical\" href=\"https:\/\/www.vtmarkets.net\/fr\/promotions\/deposit-bonus\/\" \/>\n\t<meta name=\"generator\" content=\"All in One SEO Pro (AIOSEO) 4.9.5.2\" \/>\n\t\t<meta property=\"og:locale\" content=\"en_US\" \/>\n\t\t<meta property=\"og:site_name\" content=\"VT Markets -\" \/>\n\t\t<meta property=\"og:type\" content=\"article\" \/>\n\t\t<meta property=\"og:title\" content=\"Bonus de D\u00e9p\u00f4t | Bonus Forex sur D\u00e9p\u00f4t | VT Markets\" \/>\n\t\t<meta property=\"og:description\" content=\"Obtenez un bonus de d\u00e9p\u00f4t avec VT Markets. Augmentez votre capital de trading et explorez le forex avec des fonds suppl\u00e9mentaires. Commencez d\u00e8s maintenant !\" \/>\n\t\t<meta property=\"og:url\" content=\"https:\/\/www.vtmarkets.net\/fr\/promotions\/deposit-bonus\/\" \/>\n\t\t<meta property=\"article:published_time\" content=\"2024-12-17T02:45:03+00:00\" \/>\n\t\t<meta property=\"article:modified_time\" content=\"2025-07-23T09:00:45+00:00\" \/>\n\t\t<meta name=\"twitter:card\" content=\"summary_large_image\" \/>\n\t\t<meta name=\"twitter:title\" content=\"Bonus de D\u00e9p\u00f4t | Bonus Forex sur D\u00e9p\u00f4t | VT Markets\" \/>\n\t\t<meta name=\"twitter:description\" content=\"Obtenez un bonus de d\u00e9p\u00f4t avec VT Markets. Augmentez votre capital de trading et explorez le forex avec des fonds suppl\u00e9mentaires. Commencez d\u00e8s maintenant !\" \/>\n\t\t<script type=\"application\/ld+json\" class=\"aioseo-schema\">\n\t\t\t{\"@context\":\"https:\\\/\\\/schema.org\",\"@graph\":[{\"@type\":\"BreadcrumbList\",\"@id\":\"https:\\\/\\\/www.vtmarkets.net\\\/fr\\\/promotions\\\/deposit-bonus\\\/#breadcrumblist\",\"itemListElement\":[{\"@type\":\"ListItem\",\"@id\":\"https:\\\/\\\/www.vtmarkets.net\\\/fr#listItem\",\"position\":1,\"name\":\"Home\",\"item\":\"https:\\\/\\\/www.vtmarkets.net\\\/fr\",\"nextItem\":{\"@type\":\"ListItem\",\"@id\":\"https:\\\/\\\/www.vtmarkets.net\\\/fr\\\/promotions\\\/#listItem\",\"name\":\"Promotions\"}},{\"@type\":\"ListItem\",\"@id\":\"https:\\\/\\\/www.vtmarkets.net\\\/fr\\\/promotions\\\/#listItem\",\"position\":2,\"name\":\"Promotions\",\"item\":\"https:\\\/\\\/www.vtmarkets.net\\\/fr\\\/promotions\\\/\",\"nextItem\":{\"@type\":\"ListItem\",\"@id\":\"https:\\\/\\\/www.vtmarkets.net\\\/fr\\\/promotions\\\/deposit-bonus\\\/#listItem\",\"name\":\"Deposit Bonus\"},\"previousItem\":{\"@type\":\"ListItem\",\"@id\":\"https:\\\/\\\/www.vtmarkets.net\\\/fr#listItem\",\"name\":\"Home\"}},{\"@type\":\"ListItem\",\"@id\":\"https:\\\/\\\/www.vtmarkets.net\\\/fr\\\/promotions\\\/deposit-bonus\\\/#listItem\",\"position\":3,\"name\":\"Deposit Bonus\",\"previousItem\":{\"@type\":\"ListItem\",\"@id\":\"https:\\\/\\\/www.vtmarkets.net\\\/fr\\\/promotions\\\/#listItem\",\"name\":\"Promotions\"}}]},{\"@type\":\"Organization\",\"@id\":\"https:\\\/\\\/www.vtmarkets.net\\\/fr\\\/#organization\",\"name\":\"VT Markets\",\"url\":\"https:\\\/\\\/www.vtmarkets.net\\\/fr\\\/\"},{\"@type\":\"WebPage\",\"@id\":\"https:\\\/\\\/www.vtmarkets.net\\\/fr\\\/promotions\\\/deposit-bonus\\\/#webpage\",\"url\":\"https:\\\/\\\/www.vtmarkets.net\\\/fr\\\/promotions\\\/deposit-bonus\\\/\",\"name\":\"Bonus de D\\u00e9p\\u00f4t | Bonus Forex sur D\\u00e9p\\u00f4t | VT Markets\",\"description\":\"Obtenez un bonus de d\\u00e9p\\u00f4t avec VT Markets. Augmentez votre capital de trading et explorez le forex avec des fonds suppl\\u00e9mentaires. Commencez d\\u00e8s maintenant !\",\"inLanguage\":\"en-US\",\"isPartOf\":{\"@id\":\"https:\\\/\\\/www.vtmarkets.net\\\/fr\\\/#website\"},\"breadcrumb\":{\"@id\":\"https:\\\/\\\/www.vtmarkets.net\\\/fr\\\/promotions\\\/deposit-bonus\\\/#breadcrumblist\"},\"datePublished\":\"2024-12-17T02:45:03+00:00\",\"dateModified\":\"2025-07-23T09:00:45+00:00\"},{\"@type\":\"WebSite\",\"@id\":\"https:\\\/\\\/www.vtmarkets.net\\\/fr\\\/#website\",\"url\":\"https:\\\/\\\/www.vtmarkets.net\\\/fr\\\/\",\"name\":\"VT Markets\",\"inLanguage\":\"en-US\",\"publisher\":{\"@id\":\"https:\\\/\\\/www.vtmarkets.net\\\/fr\\\/#organization\"}}]}\n\t\t<\/script>\n\t\t<!-- All in One SEO Pro -->\r\n\t\t<title>Bonus de D\u00e9p\u00f4t | Bonus Forex sur D\u00e9p\u00f4t | VT Markets<\/title>\n\n","aioseo_head_json":{"title":"Bonus de D\u00e9p\u00f4t | Bonus Forex sur D\u00e9p\u00f4t | VT Markets","description":"Obtenez un bonus de d\u00e9p\u00f4t avec VT Markets. Augmentez votre capital de trading et explorez le forex avec des fonds suppl\u00e9mentaires. Commencez d\u00e8s maintenant !","canonical_url":"https:\/\/www.vtmarkets.net\/fr\/promotions\/deposit-bonus\/","robots":"max-image-preview:large","keywords":"","webmasterTools":{"miscellaneous":""},"schema":{"@context":"https:\/\/schema.org","@graph":[{"@type":"BreadcrumbList","@id":"https:\/\/www.vtmarkets.net\/fr\/promotions\/deposit-bonus\/#breadcrumblist","itemListElement":[{"@type":"ListItem","@id":"https:\/\/www.vtmarkets.net\/fr#listItem","position":1,"name":"Home","item":"https:\/\/www.vtmarkets.net\/fr","nextItem":{"@type":"ListItem","@id":"https:\/\/www.vtmarkets.net\/fr\/promotions\/#listItem","name":"Promotions"}},{"@type":"ListItem","@id":"https:\/\/www.vtmarkets.net\/fr\/promotions\/#listItem","position":2,"name":"Promotions","item":"https:\/\/www.vtmarkets.net\/fr\/promotions\/","nextItem":{"@type":"ListItem","@id":"https:\/\/www.vtmarkets.net\/fr\/promotions\/deposit-bonus\/#listItem","name":"Deposit Bonus"},"previousItem":{"@type":"ListItem","@id":"https:\/\/www.vtmarkets.net\/fr#listItem","name":"Home"}},{"@type":"ListItem","@id":"https:\/\/www.vtmarkets.net\/fr\/promotions\/deposit-bonus\/#listItem","position":3,"name":"Deposit Bonus","previousItem":{"@type":"ListItem","@id":"https:\/\/www.vtmarkets.net\/fr\/promotions\/#listItem","name":"Promotions"}}]},{"@type":"Organization","@id":"https:\/\/www.vtmarkets.net\/fr\/#organization","name":"VT Markets","url":"https:\/\/www.vtmarkets.net\/fr\/"},{"@type":"WebPage","@id":"https:\/\/www.vtmarkets.net\/fr\/promotions\/deposit-bonus\/#webpage","url":"https:\/\/www.vtmarkets.net\/fr\/promotions\/deposit-bonus\/","name":"Bonus de D\u00e9p\u00f4t | Bonus Forex sur D\u00e9p\u00f4t | VT Markets","description":"Obtenez un bonus de d\u00e9p\u00f4t avec VT Markets. Augmentez votre capital de trading et explorez le forex avec des fonds suppl\u00e9mentaires. Commencez d\u00e8s maintenant !","inLanguage":"en-US","isPartOf":{"@id":"https:\/\/www.vtmarkets.net\/fr\/#website"},"breadcrumb":{"@id":"https:\/\/www.vtmarkets.net\/fr\/promotions\/deposit-bonus\/#breadcrumblist"},"datePublished":"2024-12-17T02:45:03+00:00","dateModified":"2025-07-23T09:00:45+00:00"},{"@type":"WebSite","@id":"https:\/\/www.vtmarkets.net\/fr\/#website","url":"https:\/\/www.vtmarkets.net\/fr\/","name":"VT Markets","inLanguage":"en-US","publisher":{"@id":"https:\/\/www.vtmarkets.net\/fr\/#organization"}}]},"og:locale":"en_US","og:site_name":"VT Markets -","og:type":"article","og:title":"Bonus de D\u00e9p\u00f4t | Bonus Forex sur D\u00e9p\u00f4t | VT Markets","og:description":"Obtenez un bonus de d\u00e9p\u00f4t avec VT Markets. Augmentez votre capital de trading et explorez le forex avec des fonds suppl\u00e9mentaires. Commencez d\u00e8s maintenant !","og:url":"https:\/\/www.vtmarkets.net\/fr\/promotions\/deposit-bonus\/","article:published_time":"2024-12-17T02:45:03+00:00","article:modified_time":"2025-07-23T09:00:45+00:00","twitter:card":"summary_large_image","twitter:title":"Bonus de D\u00e9p\u00f4t | Bonus Forex sur D\u00e9p\u00f4t | VT Markets","twitter:description":"Obtenez un bonus de d\u00e9p\u00f4t avec VT Markets. Augmentez votre capital de trading et explorez le forex avec des fonds suppl\u00e9mentaires. Commencez d\u00e8s maintenant !"},"aioseo_meta_data":{"post_id":"16040","title":"Bonus de D\u00e9p\u00f4t | Bonus Forex sur D\u00e9p\u00f4t | VT Markets","description":"Obtenez un bonus de d\u00e9p\u00f4t avec VT Markets. Augmentez votre capital de trading et explorez le forex avec des fonds suppl\u00e9mentaires. Commencez d\u00e8s maintenant\u202f!","keywords":null,"keyphrases":{"focus":{"keyphrase":"","score":0,"analysis":{"keyphraseInTitle":{"score":0,"maxScore":9,"error":1}}},"additional":[]},"primary_term":null,"canonical_url":null,"og_title":null,"og_description":null,"og_object_type":"default","og_image_type":"default","og_image_url":null,"og_image_width":null,"og_image_height":null,"og_image_custom_url":null,"og_image_custom_fields":null,"og_video":"","og_custom_url":null,"og_article_section":null,"og_article_tags":null,"twitter_use_og":false,"twitter_card":"default","twitter_image_type":"default","twitter_image_url":null,"twitter_image_custom_url":null,"twitter_image_custom_fields":null,"twitter_title":null,"twitter_description":null,"schema":{"blockGraphs":[],"customGraphs":[],"default":{"data":{"Article":[],"Course":[],"Dataset":[],"FAQPage":[],"Movie":[],"Person":[],"Product":[],"ProductReview":[],"Car":[],"Recipe":[],"Service":[],"SoftwareApplication":[],"WebPage":[]},"graphName":"WebPage","isEnabled":true},"graphs":[]},"schema_type":"default","schema_type_options":null,"pillar_content":false,"robots_default":true,"robots_noindex":false,"robots_noarchive":false,"robots_nosnippet":false,"robots_nofollow":false,"robots_noimageindex":false,"robots_noodp":false,"robots_notranslate":false,"robots_max_snippet":"-1","robots_max_videopreview":"-1","robots_max_imagepreview":"large","priority":null,"frequency":"default","local_seo":null,"seo_analyzer_scan_date":"2025-10-08 17:58:51","breadcrumb_settings":null,"limit_modified_date":false,"reviewed_by":null,"open_ai":"{\"title\":{\"suggestions\":[],\"usage\":0},\"description\":{\"suggestions\":[],\"usage\":0}}","ai":{"faqs":[],"keyPoints":[],"titles":[],"descriptions":[],"socialPosts":{"email":[],"linkedin":[],"twitter":[],"facebook":[],"instagram":[]}},"created":"2025-02-12 02:16:32","updated":"2026-03-13 09:10:06"},"aioseo_breadcrumb":"<div class=\"aioseo-breadcrumbs\"><span class=\"aioseo-breadcrumb\">\n\t<a href=\"https:\/\/www.vtmarkets.net\/fr\" title=\"Home\">Home<\/a>\n<\/span><span class=\"aioseo-breadcrumb-separator\">&raquo;<\/span><span class=\"aioseo-breadcrumb\">\n\t<a href=\"https:\/\/www.vtmarkets.net\/fr\/promotions\/\" title=\"Promotions\">Promotions<\/a>\n<\/span><span class=\"aioseo-breadcrumb-separator\">&raquo;<\/span><span class=\"aioseo-breadcrumb\">\n\tDeposit Bonus\n<\/span><\/div>","aioseo_breadcrumb_json":[{"label":"Home","link":"https:\/\/www.vtmarkets.net\/fr"},{"label":"Promotions","link":"https:\/\/www.vtmarkets.net\/fr\/promotions\/"},{"label":"Deposit Bonus","link":"https:\/\/www.vtmarkets.net\/fr\/promotions\/deposit-bonus\/"}],"_links":{"self":[{"href":"https:\/\/www.vtmarkets.net\/fr\/wp-json\/wp\/v2\/pages\/16040","targetHints":{"allow":["GET"]}}],"collection":[{"href":"https:\/\/www.vtmarkets.net\/fr\/wp-json\/wp\/v2\/pages"}],"about":[{"href":"https:\/\/www.vtmarkets.net\/fr\/wp-json\/wp\/v2\/types\/page"}],"author":[{"embeddable":true,"href":"https:\/\/www.vtmarkets.net\/fr\/wp-json\/wp\/v2\/users\/2"}],"replies":[{"embeddable":true,"href":"https:\/\/www.vtmarkets.net\/fr\/wp-json\/wp\/v2\/comments?post=16040"}],"version-history":[{"count":0,"href":"https:\/\/www.vtmarkets.net\/fr\/wp-json\/wp\/v2\/pages\/16040\/revisions"}],"up":[{"embeddable":true,"href":"https:\/\/www.vtmarkets.net\/fr\/wp-json\/wp\/v2\/pages\/16030"}],"wp:attachment":[{"href":"https:\/\/www.vtmarkets.net\/fr\/wp-json\/wp\/v2\/media?parent=16040"}],"curies":[{"name":"wp","href":"https:\/\/api.w.org\/{rel}","templated":true}]}}