{"id":154,"date":"2024-11-14T06:59:26","date_gmt":"2024-11-14T06:59:26","guid":{"rendered":"https:\/\/www.vtmarkets.net\/?page_id=154"},"modified":"2025-07-01T02:15:05","modified_gmt":"2025-07-01T02:15:05","slug":"cfd-bonds","status":"publish","type":"page","link":"https:\/\/www.vtmarkets.net\/fr\/cfd-bonds\/","title":{"rendered":"Cfd Bonds"},"content":{"rendered":"","protected":false},"excerpt":{"rendered":"","protected":false},"author":2,"featured_media":0,"parent":0,"menu_order":0,"comment_status":"closed","ping_status":"closed","template":"template_cfd_bonds.php","meta":{"_acf_changed":true,"om_disable_all_campaigns":false,"_monsterinsights_skip_tracking":false,"_monsterinsights_sitenote_active":false,"_monsterinsights_sitenote_note":"","_monsterinsights_sitenote_category":0,"footnotes":""},"class_list":["post-154","page","type-page","status-publish","hentry"],"acf":[],"aioseo_notices":[],"aioseo_head":"\n\t\t<!-- All in One SEO Pro 4.9.5.2 - aioseo.com -->\n\t<meta name=\"description\" content=\"Tradez des obligations d\u2019\u00c9tat et d\u2019entreprise avec VT Markets. Acc\u00e9dez aux march\u00e9s mondiaux et saisissez les opportunit\u00e9s avec des outils de trading avanc\u00e9s.\" \/>\n\t<meta name=\"robots\" content=\"max-image-preview:large\" \/>\n\t<link rel=\"canonical\" href=\"https:\/\/www.vtmarkets.net\/fr\/cfd-bonds\/\" \/>\n\t<meta name=\"generator\" content=\"All in One SEO Pro (AIOSEO) 4.9.5.2\" \/>\n\t\t<meta property=\"og:locale\" content=\"en_US\" \/>\n\t\t<meta property=\"og:site_name\" content=\"VT Markets -\" \/>\n\t\t<meta property=\"og:type\" content=\"article\" \/>\n\t\t<meta property=\"og:title\" content=\"CFD Bonds | CFD Obligations | VT Markets CFD Obligations\" \/>\n\t\t<meta property=\"og:description\" content=\"Tradez des obligations d\u2019\u00c9tat et d\u2019entreprise avec VT Markets. Acc\u00e9dez aux march\u00e9s mondiaux et saisissez les opportunit\u00e9s avec des outils de trading avanc\u00e9s.\" \/>\n\t\t<meta property=\"og:url\" content=\"https:\/\/www.vtmarkets.net\/fr\/cfd-bonds\/\" \/>\n\t\t<meta property=\"article:published_time\" content=\"2024-11-14T06:59:26+00:00\" \/>\n\t\t<meta property=\"article:modified_time\" content=\"2025-07-01T02:15:05+00:00\" \/>\n\t\t<meta name=\"twitter:card\" content=\"summary_large_image\" \/>\n\t\t<meta name=\"twitter:title\" content=\"CFD Bonds | CFD Obligations | VT Markets CFD Obligations\" \/>\n\t\t<meta name=\"twitter:description\" content=\"Tradez des obligations d\u2019\u00c9tat et d\u2019entreprise avec VT Markets. Acc\u00e9dez aux march\u00e9s mondiaux et saisissez les opportunit\u00e9s avec des outils de trading avanc\u00e9s.\" \/>\n\t\t<script type=\"application\/ld+json\" class=\"aioseo-schema\">\n\t\t\t{\"@context\":\"https:\\\/\\\/schema.org\",\"@graph\":[{\"@type\":\"BreadcrumbList\",\"@id\":\"https:\\\/\\\/www.vtmarkets.net\\\/fr\\\/cfd-bonds\\\/#breadcrumblist\",\"itemListElement\":[{\"@type\":\"ListItem\",\"@id\":\"https:\\\/\\\/www.vtmarkets.net\\\/fr#listItem\",\"position\":1,\"name\":\"Home\",\"item\":\"https:\\\/\\\/www.vtmarkets.net\\\/fr\",\"nextItem\":{\"@type\":\"ListItem\",\"@id\":\"https:\\\/\\\/www.vtmarkets.net\\\/fr\\\/cfd-bonds\\\/#listItem\",\"name\":\"Cfd Bonds\"}},{\"@type\":\"ListItem\",\"@id\":\"https:\\\/\\\/www.vtmarkets.net\\\/fr\\\/cfd-bonds\\\/#listItem\",\"position\":2,\"name\":\"Cfd Bonds\",\"previousItem\":{\"@type\":\"ListItem\",\"@id\":\"https:\\\/\\\/www.vtmarkets.net\\\/fr#listItem\",\"name\":\"Home\"}}]},{\"@type\":\"Organization\",\"@id\":\"https:\\\/\\\/www.vtmarkets.net\\\/fr\\\/#organization\",\"name\":\"VT Markets\",\"url\":\"https:\\\/\\\/www.vtmarkets.net\\\/fr\\\/\"},{\"@type\":\"WebPage\",\"@id\":\"https:\\\/\\\/www.vtmarkets.net\\\/fr\\\/cfd-bonds\\\/#webpage\",\"url\":\"https:\\\/\\\/www.vtmarkets.net\\\/fr\\\/cfd-bonds\\\/\",\"name\":\"CFD Bonds | CFD Obligations | VT Markets CFD Obligations\",\"description\":\"Tradez des obligations d\\u2019\\u00c9tat et d\\u2019entreprise avec VT Markets. Acc\\u00e9dez aux march\\u00e9s mondiaux et saisissez les opportunit\\u00e9s avec des outils de trading avanc\\u00e9s.\",\"inLanguage\":\"en-US\",\"isPartOf\":{\"@id\":\"https:\\\/\\\/www.vtmarkets.net\\\/fr\\\/#website\"},\"breadcrumb\":{\"@id\":\"https:\\\/\\\/www.vtmarkets.net\\\/fr\\\/cfd-bonds\\\/#breadcrumblist\"},\"datePublished\":\"2024-11-14T06:59:26+00:00\",\"dateModified\":\"2025-07-01T02:15:05+00:00\"},{\"@type\":\"WebSite\",\"@id\":\"https:\\\/\\\/www.vtmarkets.net\\\/fr\\\/#website\",\"url\":\"https:\\\/\\\/www.vtmarkets.net\\\/fr\\\/\",\"name\":\"VT Markets\",\"inLanguage\":\"en-US\",\"publisher\":{\"@id\":\"https:\\\/\\\/www.vtmarkets.net\\\/fr\\\/#organization\"}}]}\n\t\t<\/script>\n\t\t<!-- All in One SEO Pro -->\r\n\t\t<title>CFD Bonds | CFD Obligations | VT Markets CFD Obligations<\/title>\n\n","aioseo_head_json":{"title":"CFD Bonds | CFD Obligations | VT Markets CFD Obligations","description":"Tradez des obligations d\u2019\u00c9tat et d\u2019entreprise avec VT Markets. Acc\u00e9dez aux march\u00e9s mondiaux et saisissez les opportunit\u00e9s avec des outils de trading avanc\u00e9s.","canonical_url":"https:\/\/www.vtmarkets.net\/fr\/cfd-bonds\/","robots":"max-image-preview:large","keywords":"","webmasterTools":{"miscellaneous":""},"schema":{"@context":"https:\/\/schema.org","@graph":[{"@type":"BreadcrumbList","@id":"https:\/\/www.vtmarkets.net\/fr\/cfd-bonds\/#breadcrumblist","itemListElement":[{"@type":"ListItem","@id":"https:\/\/www.vtmarkets.net\/fr#listItem","position":1,"name":"Home","item":"https:\/\/www.vtmarkets.net\/fr","nextItem":{"@type":"ListItem","@id":"https:\/\/www.vtmarkets.net\/fr\/cfd-bonds\/#listItem","name":"Cfd Bonds"}},{"@type":"ListItem","@id":"https:\/\/www.vtmarkets.net\/fr\/cfd-bonds\/#listItem","position":2,"name":"Cfd Bonds","previousItem":{"@type":"ListItem","@id":"https:\/\/www.vtmarkets.net\/fr#listItem","name":"Home"}}]},{"@type":"Organization","@id":"https:\/\/www.vtmarkets.net\/fr\/#organization","name":"VT Markets","url":"https:\/\/www.vtmarkets.net\/fr\/"},{"@type":"WebPage","@id":"https:\/\/www.vtmarkets.net\/fr\/cfd-bonds\/#webpage","url":"https:\/\/www.vtmarkets.net\/fr\/cfd-bonds\/","name":"CFD Bonds | CFD Obligations | VT Markets CFD Obligations","description":"Tradez des obligations d\u2019\u00c9tat et d\u2019entreprise avec VT Markets. Acc\u00e9dez aux march\u00e9s mondiaux et saisissez les opportunit\u00e9s avec des outils de trading avanc\u00e9s.","inLanguage":"en-US","isPartOf":{"@id":"https:\/\/www.vtmarkets.net\/fr\/#website"},"breadcrumb":{"@id":"https:\/\/www.vtmarkets.net\/fr\/cfd-bonds\/#breadcrumblist"},"datePublished":"2024-11-14T06:59:26+00:00","dateModified":"2025-07-01T02:15:05+00:00"},{"@type":"WebSite","@id":"https:\/\/www.vtmarkets.net\/fr\/#website","url":"https:\/\/www.vtmarkets.net\/fr\/","name":"VT Markets","inLanguage":"en-US","publisher":{"@id":"https:\/\/www.vtmarkets.net\/fr\/#organization"}}]},"og:locale":"en_US","og:site_name":"VT Markets -","og:type":"article","og:title":"CFD Bonds | CFD Obligations | VT Markets CFD Obligations","og:description":"Tradez des obligations d\u2019\u00c9tat et d\u2019entreprise avec VT Markets. Acc\u00e9dez aux march\u00e9s mondiaux et saisissez les opportunit\u00e9s avec des outils de trading avanc\u00e9s.","og:url":"https:\/\/www.vtmarkets.net\/fr\/cfd-bonds\/","article:published_time":"2024-11-14T06:59:26+00:00","article:modified_time":"2025-07-01T02:15:05+00:00","twitter:card":"summary_large_image","twitter:title":"CFD Bonds | CFD Obligations | VT Markets CFD Obligations","twitter:description":"Tradez des obligations d\u2019\u00c9tat et d\u2019entreprise avec VT Markets. Acc\u00e9dez aux march\u00e9s mondiaux et saisissez les opportunit\u00e9s avec des outils de trading avanc\u00e9s."},"aioseo_meta_data":{"post_id":"154","title":"CFD Bonds | CFD Obligations | VT Markets CFD Obligations","description":"Tradez des obligations d\u2019\u00c9tat et d\u2019entreprise avec VT Markets. Acc\u00e9dez aux march\u00e9s mondiaux et saisissez les opportunit\u00e9s avec des outils de trading avanc\u00e9s.","keywords":null,"keyphrases":{"focus":{"keyphrase":"","score":0,"analysis":{"keyphraseInTitle":{"score":0,"maxScore":9,"error":1}}},"additional":[]},"primary_term":null,"canonical_url":null,"og_title":null,"og_description":null,"og_object_type":"default","og_image_type":"default","og_image_url":null,"og_image_width":null,"og_image_height":null,"og_image_custom_url":null,"og_image_custom_fields":null,"og_video":"","og_custom_url":null,"og_article_section":null,"og_article_tags":null,"twitter_use_og":false,"twitter_card":"default","twitter_image_type":"default","twitter_image_url":null,"twitter_image_custom_url":null,"twitter_image_custom_fields":null,"twitter_title":null,"twitter_description":null,"schema":{"blockGraphs":[],"customGraphs":[],"default":{"data":{"Article":[],"Course":[],"Dataset":[],"FAQPage":[],"Movie":[],"Person":[],"Product":[],"ProductReview":[],"Car":[],"Recipe":[],"Service":[],"SoftwareApplication":[],"WebPage":[]},"graphName":"WebPage","isEnabled":true},"graphs":[]},"schema_type":"default","schema_type_options":null,"pillar_content":false,"robots_default":true,"robots_noindex":false,"robots_noarchive":false,"robots_nosnippet":false,"robots_nofollow":false,"robots_noimageindex":false,"robots_noodp":false,"robots_notranslate":false,"robots_max_snippet":"-1","robots_max_videopreview":"-1","robots_max_imagepreview":"large","priority":null,"frequency":"default","local_seo":null,"seo_analyzer_scan_date":"2025-10-08 17:50:47","breadcrumb_settings":null,"limit_modified_date":false,"reviewed_by":null,"open_ai":"{\"title\":{\"suggestions\":[],\"usage\":0},\"description\":{\"suggestions\":[],\"usage\":0}}","ai":{"faqs":[],"keyPoints":[],"titles":[],"descriptions":[],"socialPosts":{"email":[],"linkedin":[],"twitter":[],"facebook":[],"instagram":[]}},"created":"2025-02-12 02:12:37","updated":"2026-03-27 01:34:56"},"aioseo_breadcrumb":"<div class=\"aioseo-breadcrumbs\"><span class=\"aioseo-breadcrumb\">\n\t<a href=\"https:\/\/www.vtmarkets.net\/fr\" title=\"Home\">Home<\/a>\n<\/span><span class=\"aioseo-breadcrumb-separator\">&raquo;<\/span><span class=\"aioseo-breadcrumb\">\n\tCfd Bonds\n<\/span><\/div>","aioseo_breadcrumb_json":[{"label":"Home","link":"https:\/\/www.vtmarkets.net\/fr"},{"label":"Cfd Bonds","link":"https:\/\/www.vtmarkets.net\/fr\/cfd-bonds\/"}],"_links":{"self":[{"href":"https:\/\/www.vtmarkets.net\/fr\/wp-json\/wp\/v2\/pages\/154","targetHints":{"allow":["GET"]}}],"collection":[{"href":"https:\/\/www.vtmarkets.net\/fr\/wp-json\/wp\/v2\/pages"}],"about":[{"href":"https:\/\/www.vtmarkets.net\/fr\/wp-json\/wp\/v2\/types\/page"}],"author":[{"embeddable":true,"href":"https:\/\/www.vtmarkets.net\/fr\/wp-json\/wp\/v2\/users\/2"}],"replies":[{"embeddable":true,"href":"https:\/\/www.vtmarkets.net\/fr\/wp-json\/wp\/v2\/comments?post=154"}],"version-history":[{"count":0,"href":"https:\/\/www.vtmarkets.net\/fr\/wp-json\/wp\/v2\/pages\/154\/revisions"}],"wp:attachment":[{"href":"https:\/\/www.vtmarkets.net\/fr\/wp-json\/wp\/v2\/media?parent=154"}],"curies":[{"name":"wp","href":"https:\/\/api.w.org\/{rel}","templated":true}]}}