{"id":12493,"date":"2024-12-09T06:07:50","date_gmt":"2024-12-09T06:07:50","guid":{"rendered":"https:\/\/www.vtmarkets.net\/?page_id=12493"},"modified":"2025-07-01T02:26:42","modified_gmt":"2025-07-01T02:26:42","slug":"trading-glossary","status":"publish","type":"page","link":"https:\/\/www.vtmarkets.net\/fr\/trading-glossary\/","title":{"rendered":"Trading Glossary"},"content":{"rendered":"","protected":false},"excerpt":{"rendered":"","protected":false},"author":2,"featured_media":0,"parent":0,"menu_order":0,"comment_status":"closed","ping_status":"closed","template":"template_trading_glossary.php","meta":{"_acf_changed":false,"om_disable_all_campaigns":false,"_monsterinsights_skip_tracking":false,"_monsterinsights_sitenote_active":false,"_monsterinsights_sitenote_note":"","_monsterinsights_sitenote_category":0,"footnotes":""},"class_list":["post-12493","page","type-page","status-publish","hentry"],"acf":[],"aioseo_notices":[],"aioseo_head":"\n\t\t<!-- All in One SEO Pro 4.9.5.2 - aioseo.com -->\n\t<meta name=\"description\" content=\"\u00c9largissez vos connaissances avec le glossaire VT Markets. Apprenez les termes essentiels du trading pour naviguer facilement sur les march\u00e9s financiers !\" \/>\n\t<meta name=\"robots\" content=\"max-image-preview:large\" \/>\n\t<link rel=\"canonical\" href=\"https:\/\/www.vtmarkets.net\/fr\/trading-glossary\/\" \/>\n\t<meta name=\"generator\" content=\"All in One SEO Pro (AIOSEO) 4.9.5.2\" \/>\n\t\t<meta property=\"og:locale\" content=\"en_US\" \/>\n\t\t<meta property=\"og:site_name\" content=\"VT Markets -\" \/>\n\t\t<meta property=\"og:type\" content=\"article\" \/>\n\t\t<meta property=\"og:title\" content=\"Glossaire de Trading l Termes Cl\u00e9s du Forex &amp; CFD l VT Markets\" \/>\n\t\t<meta property=\"og:description\" content=\"\u00c9largissez vos connaissances avec le glossaire VT Markets. Apprenez les termes essentiels du trading pour naviguer facilement sur les march\u00e9s financiers !\" \/>\n\t\t<meta property=\"og:url\" content=\"https:\/\/www.vtmarkets.net\/fr\/trading-glossary\/\" \/>\n\t\t<meta property=\"article:published_time\" content=\"2024-12-09T06:07:50+00:00\" \/>\n\t\t<meta property=\"article:modified_time\" content=\"2025-07-01T02:26:42+00:00\" \/>\n\t\t<meta name=\"twitter:card\" content=\"summary_large_image\" \/>\n\t\t<meta name=\"twitter:title\" content=\"Glossaire de Trading l Termes Cl\u00e9s du Forex &amp; CFD l VT Markets\" \/>\n\t\t<meta name=\"twitter:description\" content=\"\u00c9largissez vos connaissances avec le glossaire VT Markets. Apprenez les termes essentiels du trading pour naviguer facilement sur les march\u00e9s financiers !\" \/>\n\t\t<script type=\"application\/ld+json\" class=\"aioseo-schema\">\n\t\t\t{\"@context\":\"https:\\\/\\\/schema.org\",\"@graph\":[{\"@type\":\"BreadcrumbList\",\"@id\":\"https:\\\/\\\/www.vtmarkets.net\\\/fr\\\/trading-glossary\\\/#breadcrumblist\",\"itemListElement\":[{\"@type\":\"ListItem\",\"@id\":\"https:\\\/\\\/www.vtmarkets.net\\\/fr#listItem\",\"position\":1,\"name\":\"Home\",\"item\":\"https:\\\/\\\/www.vtmarkets.net\\\/fr\",\"nextItem\":{\"@type\":\"ListItem\",\"@id\":\"https:\\\/\\\/www.vtmarkets.net\\\/fr\\\/trading-glossary\\\/#listItem\",\"name\":\"Trading Glossary\"}},{\"@type\":\"ListItem\",\"@id\":\"https:\\\/\\\/www.vtmarkets.net\\\/fr\\\/trading-glossary\\\/#listItem\",\"position\":2,\"name\":\"Trading Glossary\",\"previousItem\":{\"@type\":\"ListItem\",\"@id\":\"https:\\\/\\\/www.vtmarkets.net\\\/fr#listItem\",\"name\":\"Home\"}}]},{\"@type\":\"Organization\",\"@id\":\"https:\\\/\\\/www.vtmarkets.net\\\/fr\\\/#organization\",\"name\":\"VT Markets\",\"url\":\"https:\\\/\\\/www.vtmarkets.net\\\/fr\\\/\"},{\"@type\":\"WebPage\",\"@id\":\"https:\\\/\\\/www.vtmarkets.net\\\/fr\\\/trading-glossary\\\/#webpage\",\"url\":\"https:\\\/\\\/www.vtmarkets.net\\\/fr\\\/trading-glossary\\\/\",\"name\":\"Glossaire de Trading | Termes Cl\\u00e9s du Forex & CFD | VT Markets\",\"description\":\"\\u00c9largissez vos connaissances avec le glossaire VT Markets. Apprenez les termes essentiels du trading pour naviguer facilement sur les march\\u00e9s financiers !\",\"inLanguage\":\"en-US\",\"isPartOf\":{\"@id\":\"https:\\\/\\\/www.vtmarkets.net\\\/fr\\\/#website\"},\"breadcrumb\":{\"@id\":\"https:\\\/\\\/www.vtmarkets.net\\\/fr\\\/trading-glossary\\\/#breadcrumblist\"},\"datePublished\":\"2024-12-09T06:07:50+00:00\",\"dateModified\":\"2025-07-01T02:26:42+00:00\"},{\"@type\":\"WebSite\",\"@id\":\"https:\\\/\\\/www.vtmarkets.net\\\/fr\\\/#website\",\"url\":\"https:\\\/\\\/www.vtmarkets.net\\\/fr\\\/\",\"name\":\"VT Markets\",\"inLanguage\":\"en-US\",\"publisher\":{\"@id\":\"https:\\\/\\\/www.vtmarkets.net\\\/fr\\\/#organization\"}}]}\n\t\t<\/script>\n\t\t<!-- All in One SEO Pro -->\r\n\t\t<title>Glossaire de Trading | Termes Cl\u00e9s du Forex &amp; CFD | VT Markets<\/title>\n\n","aioseo_head_json":{"title":"Glossaire de Trading | Termes Cl\u00e9s du Forex & CFD | VT Markets","description":"\u00c9largissez vos connaissances avec le glossaire VT Markets. Apprenez les termes essentiels du trading pour naviguer facilement sur les march\u00e9s financiers !","canonical_url":"https:\/\/www.vtmarkets.net\/fr\/trading-glossary\/","robots":"max-image-preview:large","keywords":"","webmasterTools":{"miscellaneous":""},"schema":{"@context":"https:\/\/schema.org","@graph":[{"@type":"BreadcrumbList","@id":"https:\/\/www.vtmarkets.net\/fr\/trading-glossary\/#breadcrumblist","itemListElement":[{"@type":"ListItem","@id":"https:\/\/www.vtmarkets.net\/fr#listItem","position":1,"name":"Home","item":"https:\/\/www.vtmarkets.net\/fr","nextItem":{"@type":"ListItem","@id":"https:\/\/www.vtmarkets.net\/fr\/trading-glossary\/#listItem","name":"Trading Glossary"}},{"@type":"ListItem","@id":"https:\/\/www.vtmarkets.net\/fr\/trading-glossary\/#listItem","position":2,"name":"Trading Glossary","previousItem":{"@type":"ListItem","@id":"https:\/\/www.vtmarkets.net\/fr#listItem","name":"Home"}}]},{"@type":"Organization","@id":"https:\/\/www.vtmarkets.net\/fr\/#organization","name":"VT Markets","url":"https:\/\/www.vtmarkets.net\/fr\/"},{"@type":"WebPage","@id":"https:\/\/www.vtmarkets.net\/fr\/trading-glossary\/#webpage","url":"https:\/\/www.vtmarkets.net\/fr\/trading-glossary\/","name":"Glossaire de Trading | Termes Cl\u00e9s du Forex & CFD | VT Markets","description":"\u00c9largissez vos connaissances avec le glossaire VT Markets. Apprenez les termes essentiels du trading pour naviguer facilement sur les march\u00e9s financiers !","inLanguage":"en-US","isPartOf":{"@id":"https:\/\/www.vtmarkets.net\/fr\/#website"},"breadcrumb":{"@id":"https:\/\/www.vtmarkets.net\/fr\/trading-glossary\/#breadcrumblist"},"datePublished":"2024-12-09T06:07:50+00:00","dateModified":"2025-07-01T02:26:42+00:00"},{"@type":"WebSite","@id":"https:\/\/www.vtmarkets.net\/fr\/#website","url":"https:\/\/www.vtmarkets.net\/fr\/","name":"VT Markets","inLanguage":"en-US","publisher":{"@id":"https:\/\/www.vtmarkets.net\/fr\/#organization"}}]},"og:locale":"en_US","og:site_name":"VT Markets -","og:type":"article","og:title":"Glossaire de Trading l Termes Cl\u00e9s du Forex &amp; CFD l VT Markets","og:description":"\u00c9largissez vos connaissances avec le glossaire VT Markets. Apprenez les termes essentiels du trading pour naviguer facilement sur les march\u00e9s financiers !","og:url":"https:\/\/www.vtmarkets.net\/fr\/trading-glossary\/","article:published_time":"2024-12-09T06:07:50+00:00","article:modified_time":"2025-07-01T02:26:42+00:00","twitter:card":"summary_large_image","twitter:title":"Glossaire de Trading l Termes Cl\u00e9s du Forex &amp; CFD l VT Markets","twitter:description":"\u00c9largissez vos connaissances avec le glossaire VT Markets. Apprenez les termes essentiels du trading pour naviguer facilement sur les march\u00e9s financiers !"},"aioseo_meta_data":{"post_id":"12493","title":"Glossaire de Trading | Termes Cl\u00e9s du Forex &amp; CFD | VT Markets","description":"\u00c9largissez vos connaissances avec le glossaire VT Markets. Apprenez les termes essentiels du trading pour naviguer facilement sur les march\u00e9s financiers !","keywords":null,"keyphrases":{"focus":{"keyphrase":"","score":0,"analysis":{"keyphraseInTitle":{"score":0,"maxScore":9,"error":1}}},"additional":[]},"primary_term":null,"canonical_url":null,"og_title":"Glossaire de Trading l Termes Cl\u00e9s du Forex &amp; CFD l VT Markets","og_description":"\u00c9largissez vos connaissances avec le glossaire VT Markets. Apprenez les termes essentiels du trading pour naviguer facilement sur les march\u00e9s financiers !","og_object_type":"default","og_image_type":"default","og_image_url":null,"og_image_width":null,"og_image_height":null,"og_image_custom_url":null,"og_image_custom_fields":null,"og_video":"","og_custom_url":null,"og_article_section":null,"og_article_tags":null,"twitter_use_og":false,"twitter_card":"default","twitter_image_type":"default","twitter_image_url":null,"twitter_image_custom_url":null,"twitter_image_custom_fields":null,"twitter_title":"Glossaire de Trading l Termes Cl\u00e9s du Forex &amp; CFD l VT Markets","twitter_description":"\u00c9largissez vos connaissances avec le glossaire VT Markets. Apprenez les termes essentiels du trading pour naviguer facilement sur les march\u00e9s financiers !","schema":{"blockGraphs":[],"customGraphs":[],"default":{"data":{"Article":[],"Course":[],"Dataset":[],"FAQPage":[],"Movie":[],"Person":[],"Product":[],"ProductReview":[],"Car":[],"Recipe":[],"Service":[],"SoftwareApplication":[],"WebPage":[]},"graphName":"WebPage","isEnabled":true},"graphs":[]},"schema_type":"default","schema_type_options":null,"pillar_content":false,"robots_default":true,"robots_noindex":false,"robots_noarchive":false,"robots_nosnippet":false,"robots_nofollow":false,"robots_noimageindex":false,"robots_noodp":false,"robots_notranslate":false,"robots_max_snippet":"-1","robots_max_videopreview":"-1","robots_max_imagepreview":"large","priority":null,"frequency":"default","local_seo":null,"seo_analyzer_scan_date":"2025-10-08 17:56:50","breadcrumb_settings":null,"limit_modified_date":false,"reviewed_by":null,"open_ai":"{\"title\":{\"suggestions\":[],\"usage\":0},\"description\":{\"suggestions\":[],\"usage\":0}}","ai":{"faqs":[],"keyPoints":[],"titles":[],"descriptions":[],"socialPosts":{"email":[],"linkedin":[],"twitter":[],"facebook":[],"instagram":[]}},"created":"2025-02-12 02:16:31","updated":"2026-03-13 09:10:06"},"aioseo_breadcrumb":"<div class=\"aioseo-breadcrumbs\"><span class=\"aioseo-breadcrumb\">\n\t<a href=\"https:\/\/www.vtmarkets.net\/fr\" title=\"Home\">Home<\/a>\n<\/span><span class=\"aioseo-breadcrumb-separator\">&raquo;<\/span><span class=\"aioseo-breadcrumb\">\n\tTrading Glossary\n<\/span><\/div>","aioseo_breadcrumb_json":[{"label":"Home","link":"https:\/\/www.vtmarkets.net\/fr"},{"label":"Trading Glossary","link":"https:\/\/www.vtmarkets.net\/fr\/trading-glossary\/"}],"_links":{"self":[{"href":"https:\/\/www.vtmarkets.net\/fr\/wp-json\/wp\/v2\/pages\/12493","targetHints":{"allow":["GET"]}}],"collection":[{"href":"https:\/\/www.vtmarkets.net\/fr\/wp-json\/wp\/v2\/pages"}],"about":[{"href":"https:\/\/www.vtmarkets.net\/fr\/wp-json\/wp\/v2\/types\/page"}],"author":[{"embeddable":true,"href":"https:\/\/www.vtmarkets.net\/fr\/wp-json\/wp\/v2\/users\/2"}],"replies":[{"embeddable":true,"href":"https:\/\/www.vtmarkets.net\/fr\/wp-json\/wp\/v2\/comments?post=12493"}],"version-history":[{"count":0,"href":"https:\/\/www.vtmarkets.net\/fr\/wp-json\/wp\/v2\/pages\/12493\/revisions"}],"wp:attachment":[{"href":"https:\/\/www.vtmarkets.net\/fr\/wp-json\/wp\/v2\/media?parent=12493"}],"curies":[{"name":"wp","href":"https:\/\/api.w.org\/{rel}","templated":true}]}}