{"id":12475,"date":"2024-11-29T10:00:47","date_gmt":"2024-11-29T10:00:47","guid":{"rendered":"https:\/\/www.vtmarkets.net\/?page_id=12475"},"modified":"2025-08-08T08:24:10","modified_gmt":"2025-08-08T08:24:10","slug":"swap-free","status":"publish","type":"page","link":"https:\/\/www.vtmarkets.net\/fr\/swap-free\/","title":{"rendered":"Swap Free"},"content":{"rendered":"","protected":false},"excerpt":{"rendered":"","protected":false},"author":2,"featured_media":0,"parent":0,"menu_order":0,"comment_status":"closed","ping_status":"closed","template":"template_swap_free.php","meta":{"_acf_changed":true,"om_disable_all_campaigns":false,"_monsterinsights_skip_tracking":false,"_monsterinsights_sitenote_active":false,"_monsterinsights_sitenote_note":"","_monsterinsights_sitenote_category":0,"footnotes":""},"class_list":["post-12475","page","type-page","status-publish","hentry"],"acf":[],"aioseo_notices":[],"aioseo_head":"\n\t\t<!-- All in One SEO Pro 4.9.5.2 - aioseo.com -->\n\t<meta name=\"description\" content=\"Tradez avec un compte sans swap VT Markets. B\u00e9n\u00e9ficiez de frais de swap \u00e0 z\u00e9ro sur les positions overnight et acc\u00e9dez au forex, indices et plus. Commencez \u00e0 trader !\" \/>\n\t<meta name=\"robots\" content=\"max-image-preview:large\" \/>\n\t<link rel=\"canonical\" href=\"https:\/\/www.vtmarkets.net\/fr\/swap-free\/\" \/>\n\t<meta name=\"generator\" content=\"All in One SEO Pro (AIOSEO) 4.9.5.2\" \/>\n\t\t<meta property=\"og:locale\" content=\"en_US\" \/>\n\t\t<meta property=\"og:site_name\" content=\"VT Markets -\" \/>\n\t\t<meta property=\"og:type\" content=\"article\" \/>\n\t\t<meta property=\"og:title\" content=\"Compte Sans Swap VT Markets l Trading Sans Swap l VT Markets\" \/>\n\t\t<meta property=\"og:description\" content=\"Tradez avec un compte sans swap VT Markets. B\u00e9n\u00e9ficiez de frais de swap \u00e0 z\u00e9ro sur les positions overnight et acc\u00e9dez au forex, indices et plus. Commencez \u00e0 trader !\" \/>\n\t\t<meta property=\"og:url\" content=\"https:\/\/www.vtmarkets.net\/fr\/swap-free\/\" \/>\n\t\t<meta property=\"article:published_time\" content=\"2024-11-29T10:00:47+00:00\" \/>\n\t\t<meta property=\"article:modified_time\" content=\"2025-08-08T08:24:10+00:00\" \/>\n\t\t<meta name=\"twitter:card\" content=\"summary_large_image\" \/>\n\t\t<meta name=\"twitter:title\" content=\"Compte Sans Swap VT Markets l Trading Sans Swap l VT Markets\" \/>\n\t\t<meta name=\"twitter:description\" content=\"Tradez avec un compte sans swap VT Markets. B\u00e9n\u00e9ficiez de frais de swap \u00e0 z\u00e9ro sur les positions overnight et acc\u00e9dez au forex, indices et plus. Commencez \u00e0 trader !\" \/>\n\t\t<script type=\"application\/ld+json\" class=\"aioseo-schema\">\n\t\t\t{\"@context\":\"https:\\\/\\\/schema.org\",\"@graph\":[{\"@type\":\"BreadcrumbList\",\"@id\":\"https:\\\/\\\/www.vtmarkets.net\\\/fr\\\/swap-free\\\/#breadcrumblist\",\"itemListElement\":[{\"@type\":\"ListItem\",\"@id\":\"https:\\\/\\\/www.vtmarkets.net\\\/fr#listItem\",\"position\":1,\"name\":\"Home\",\"item\":\"https:\\\/\\\/www.vtmarkets.net\\\/fr\",\"nextItem\":{\"@type\":\"ListItem\",\"@id\":\"https:\\\/\\\/www.vtmarkets.net\\\/fr\\\/swap-free\\\/#listItem\",\"name\":\"Swap Free\"}},{\"@type\":\"ListItem\",\"@id\":\"https:\\\/\\\/www.vtmarkets.net\\\/fr\\\/swap-free\\\/#listItem\",\"position\":2,\"name\":\"Swap Free\",\"previousItem\":{\"@type\":\"ListItem\",\"@id\":\"https:\\\/\\\/www.vtmarkets.net\\\/fr#listItem\",\"name\":\"Home\"}}]},{\"@type\":\"Organization\",\"@id\":\"https:\\\/\\\/www.vtmarkets.net\\\/fr\\\/#organization\",\"name\":\"VT Markets\",\"url\":\"https:\\\/\\\/www.vtmarkets.net\\\/fr\\\/\"},{\"@type\":\"WebPage\",\"@id\":\"https:\\\/\\\/www.vtmarkets.net\\\/fr\\\/swap-free\\\/#webpage\",\"url\":\"https:\\\/\\\/www.vtmarkets.net\\\/fr\\\/swap-free\\\/\",\"name\":\"Compte Sans Swap VT Markets | Trading Sans Swap | VT Markets\",\"description\":\"Tradez avec un compte sans swap VT Markets. B\\u00e9n\\u00e9ficiez de frais de swap \\u00e0 z\\u00e9ro sur les positions overnight et acc\\u00e9dez au forex, indices et plus. Commencez \\u00e0 trader !\",\"inLanguage\":\"en-US\",\"isPartOf\":{\"@id\":\"https:\\\/\\\/www.vtmarkets.net\\\/fr\\\/#website\"},\"breadcrumb\":{\"@id\":\"https:\\\/\\\/www.vtmarkets.net\\\/fr\\\/swap-free\\\/#breadcrumblist\"},\"datePublished\":\"2024-11-29T10:00:47+00:00\",\"dateModified\":\"2025-08-08T08:24:10+00:00\"},{\"@type\":\"WebSite\",\"@id\":\"https:\\\/\\\/www.vtmarkets.net\\\/fr\\\/#website\",\"url\":\"https:\\\/\\\/www.vtmarkets.net\\\/fr\\\/\",\"name\":\"VT Markets\",\"inLanguage\":\"en-US\",\"publisher\":{\"@id\":\"https:\\\/\\\/www.vtmarkets.net\\\/fr\\\/#organization\"}}]}\n\t\t<\/script>\n\t\t<!-- All in One SEO Pro -->\r\n\t\t<title>Compte Sans Swap VT Markets | Trading Sans Swap | VT Markets<\/title>\n\n","aioseo_head_json":{"title":"Compte Sans Swap VT Markets | Trading Sans Swap | VT Markets","description":"Tradez avec un compte sans swap VT Markets. B\u00e9n\u00e9ficiez de frais de swap \u00e0 z\u00e9ro sur les positions overnight et acc\u00e9dez au forex, indices et plus. Commencez \u00e0 trader !","canonical_url":"https:\/\/www.vtmarkets.net\/fr\/swap-free\/","robots":"max-image-preview:large","keywords":"","webmasterTools":{"miscellaneous":""},"schema":{"@context":"https:\/\/schema.org","@graph":[{"@type":"BreadcrumbList","@id":"https:\/\/www.vtmarkets.net\/fr\/swap-free\/#breadcrumblist","itemListElement":[{"@type":"ListItem","@id":"https:\/\/www.vtmarkets.net\/fr#listItem","position":1,"name":"Home","item":"https:\/\/www.vtmarkets.net\/fr","nextItem":{"@type":"ListItem","@id":"https:\/\/www.vtmarkets.net\/fr\/swap-free\/#listItem","name":"Swap Free"}},{"@type":"ListItem","@id":"https:\/\/www.vtmarkets.net\/fr\/swap-free\/#listItem","position":2,"name":"Swap Free","previousItem":{"@type":"ListItem","@id":"https:\/\/www.vtmarkets.net\/fr#listItem","name":"Home"}}]},{"@type":"Organization","@id":"https:\/\/www.vtmarkets.net\/fr\/#organization","name":"VT Markets","url":"https:\/\/www.vtmarkets.net\/fr\/"},{"@type":"WebPage","@id":"https:\/\/www.vtmarkets.net\/fr\/swap-free\/#webpage","url":"https:\/\/www.vtmarkets.net\/fr\/swap-free\/","name":"Compte Sans Swap VT Markets | Trading Sans Swap | VT Markets","description":"Tradez avec un compte sans swap VT Markets. B\u00e9n\u00e9ficiez de frais de swap \u00e0 z\u00e9ro sur les positions overnight et acc\u00e9dez au forex, indices et plus. Commencez \u00e0 trader !","inLanguage":"en-US","isPartOf":{"@id":"https:\/\/www.vtmarkets.net\/fr\/#website"},"breadcrumb":{"@id":"https:\/\/www.vtmarkets.net\/fr\/swap-free\/#breadcrumblist"},"datePublished":"2024-11-29T10:00:47+00:00","dateModified":"2025-08-08T08:24:10+00:00"},{"@type":"WebSite","@id":"https:\/\/www.vtmarkets.net\/fr\/#website","url":"https:\/\/www.vtmarkets.net\/fr\/","name":"VT Markets","inLanguage":"en-US","publisher":{"@id":"https:\/\/www.vtmarkets.net\/fr\/#organization"}}]},"og:locale":"en_US","og:site_name":"VT Markets -","og:type":"article","og:title":"Compte Sans Swap VT Markets l Trading Sans Swap l VT Markets","og:description":"Tradez avec un compte sans swap VT Markets. B\u00e9n\u00e9ficiez de frais de swap \u00e0 z\u00e9ro sur les positions overnight et acc\u00e9dez au forex, indices et plus. Commencez \u00e0 trader !","og:url":"https:\/\/www.vtmarkets.net\/fr\/swap-free\/","article:published_time":"2024-11-29T10:00:47+00:00","article:modified_time":"2025-08-08T08:24:10+00:00","twitter:card":"summary_large_image","twitter:title":"Compte Sans Swap VT Markets l Trading Sans Swap l VT Markets","twitter:description":"Tradez avec un compte sans swap VT Markets. B\u00e9n\u00e9ficiez de frais de swap \u00e0 z\u00e9ro sur les positions overnight et acc\u00e9dez au forex, indices et plus. Commencez \u00e0 trader !"},"aioseo_meta_data":{"post_id":"12475","title":"Compte Sans Swap VT Markets | Trading Sans Swap | VT Markets","description":"Tradez avec un compte sans swap VT Markets. B\u00e9n\u00e9ficiez de frais de swap \u00e0 z\u00e9ro sur les positions overnight et acc\u00e9dez au forex, indices et plus. Commencez \u00e0 trader !","keywords":null,"keyphrases":{"focus":{"keyphrase":"","score":0,"analysis":{"keyphraseInTitle":{"score":0,"maxScore":9,"error":1}}},"additional":[]},"primary_term":null,"canonical_url":null,"og_title":"Compte Sans Swap VT Markets l Trading Sans Swap l VT Markets","og_description":"Tradez avec un compte sans swap VT Markets. B\u00e9n\u00e9ficiez de frais de swap \u00e0 z\u00e9ro sur les positions overnight et acc\u00e9dez au forex, indices et plus. Commencez \u00e0 trader !","og_object_type":"default","og_image_type":"default","og_image_url":null,"og_image_width":null,"og_image_height":null,"og_image_custom_url":null,"og_image_custom_fields":null,"og_video":"","og_custom_url":null,"og_article_section":null,"og_article_tags":null,"twitter_use_og":false,"twitter_card":"default","twitter_image_type":"default","twitter_image_url":null,"twitter_image_custom_url":null,"twitter_image_custom_fields":null,"twitter_title":"Compte Sans Swap VT Markets l Trading Sans Swap l VT Markets","twitter_description":"Tradez avec un compte sans swap VT Markets. B\u00e9n\u00e9ficiez de frais de swap \u00e0 z\u00e9ro sur les positions overnight et acc\u00e9dez au forex, indices et plus. Commencez \u00e0 trader !","schema":{"blockGraphs":[],"customGraphs":[],"default":{"data":{"Article":[],"Course":[],"Dataset":[],"FAQPage":[],"Movie":[],"Person":[],"Product":[],"ProductReview":[],"Car":[],"Recipe":[],"Service":[],"SoftwareApplication":[],"WebPage":[]},"graphName":"WebPage","isEnabled":true},"graphs":[]},"schema_type":"default","schema_type_options":null,"pillar_content":false,"robots_default":true,"robots_noindex":false,"robots_noarchive":false,"robots_nosnippet":false,"robots_nofollow":false,"robots_noimageindex":false,"robots_noodp":false,"robots_notranslate":false,"robots_max_snippet":"-1","robots_max_videopreview":"-1","robots_max_imagepreview":"large","priority":null,"frequency":"default","local_seo":null,"seo_analyzer_scan_date":"2025-10-08 17:54:48","breadcrumb_settings":null,"limit_modified_date":false,"reviewed_by":"0","open_ai":"{\"title\":{\"suggestions\":[],\"usage\":0},\"description\":{\"suggestions\":[],\"usage\":0}}","ai":{"faqs":[],"keyPoints":[],"titles":[],"descriptions":[],"socialPosts":{"email":[],"linkedin":[],"twitter":[],"facebook":[],"instagram":[]}},"created":"2025-02-12 02:14:34","updated":"2026-03-13 09:10:06"},"aioseo_breadcrumb":"<div class=\"aioseo-breadcrumbs\"><span class=\"aioseo-breadcrumb\">\n\t<a href=\"https:\/\/www.vtmarkets.net\/fr\" title=\"Home\">Home<\/a>\n<\/span><span class=\"aioseo-breadcrumb-separator\">&raquo;<\/span><span class=\"aioseo-breadcrumb\">\n\tSwap Free\n<\/span><\/div>","aioseo_breadcrumb_json":[{"label":"Home","link":"https:\/\/www.vtmarkets.net\/fr"},{"label":"Swap Free","link":"https:\/\/www.vtmarkets.net\/fr\/swap-free\/"}],"_links":{"self":[{"href":"https:\/\/www.vtmarkets.net\/fr\/wp-json\/wp\/v2\/pages\/12475","targetHints":{"allow":["GET"]}}],"collection":[{"href":"https:\/\/www.vtmarkets.net\/fr\/wp-json\/wp\/v2\/pages"}],"about":[{"href":"https:\/\/www.vtmarkets.net\/fr\/wp-json\/wp\/v2\/types\/page"}],"author":[{"embeddable":true,"href":"https:\/\/www.vtmarkets.net\/fr\/wp-json\/wp\/v2\/users\/2"}],"replies":[{"embeddable":true,"href":"https:\/\/www.vtmarkets.net\/fr\/wp-json\/wp\/v2\/comments?post=12475"}],"version-history":[{"count":0,"href":"https:\/\/www.vtmarkets.net\/fr\/wp-json\/wp\/v2\/pages\/12475\/revisions"}],"wp:attachment":[{"href":"https:\/\/www.vtmarkets.net\/fr\/wp-json\/wp\/v2\/media?parent=12475"}],"curies":[{"name":"wp","href":"https:\/\/api.w.org\/{rel}","templated":true}]}}