{"id":123,"date":"2024-11-11T06:40:41","date_gmt":"2024-11-11T06:40:41","guid":{"rendered":"https:\/\/www.vtmarkets.net\/?page_id=123"},"modified":"2025-05-02T03:06:44","modified_gmt":"2025-05-02T03:06:44","slug":"forex","status":"publish","type":"page","link":"https:\/\/www.vtmarkets.net\/fr\/forex\/","title":{"rendered":"Forex"},"content":{"rendered":"","protected":false},"excerpt":{"rendered":"","protected":false},"author":2,"featured_media":0,"parent":0,"menu_order":0,"comment_status":"closed","ping_status":"closed","template":"template_forex.php","meta":{"_acf_changed":true,"om_disable_all_campaigns":false,"_monsterinsights_skip_tracking":false,"_monsterinsights_sitenote_active":false,"_monsterinsights_sitenote_note":"","_monsterinsights_sitenote_category":0,"footnotes":""},"class_list":["post-123","page","type-page","status-publish","hentry"],"acf":[],"aioseo_notices":[],"aioseo_head":"\n\t\t<!-- All in One SEO Pro 4.9.5.2 - aioseo.com -->\n\t<meta name=\"description\" content=\"Ouvrez un compte de forex trading avec VT Markets. Acc\u00e9dez aux march\u00e9s FX mondiaux avec des spreads comp\u00e9titifs et des outils avanc\u00e9s de trading.\" \/>\n\t<meta name=\"robots\" content=\"max-image-preview:large\" \/>\n\t<link rel=\"canonical\" href=\"https:\/\/www.vtmarkets.net\/fr\/forex\/\" \/>\n\t<meta name=\"generator\" content=\"All in One SEO Pro (AIOSEO) 4.9.5.2\" \/>\n\t\t<meta property=\"og:locale\" content=\"en_US\" \/>\n\t\t<meta property=\"og:site_name\" content=\"VT Markets -\" \/>\n\t\t<meta property=\"og:type\" content=\"article\" \/>\n\t\t<meta property=\"og:title\" content=\"Forex Trading | FX Trading en Ligne | VT Markets\" \/>\n\t\t<meta property=\"og:description\" content=\"Ouvrez un compte de forex trading avec VT Markets. Acc\u00e9dez aux march\u00e9s FX mondiaux avec des spreads comp\u00e9titifs et des outils avanc\u00e9s de trading.\" \/>\n\t\t<meta property=\"og:url\" content=\"https:\/\/www.vtmarkets.net\/fr\/forex\/\" \/>\n\t\t<meta property=\"article:published_time\" content=\"2024-11-11T06:40:41+00:00\" \/>\n\t\t<meta property=\"article:modified_time\" content=\"2025-05-02T03:06:44+00:00\" \/>\n\t\t<meta name=\"twitter:card\" content=\"summary_large_image\" \/>\n\t\t<meta name=\"twitter:title\" content=\"Forex Trading | FX Trading en Ligne | VT Markets\" \/>\n\t\t<meta name=\"twitter:description\" content=\"Ouvrez un compte de forex trading avec VT Markets. Acc\u00e9dez aux march\u00e9s FX mondiaux avec des spreads comp\u00e9titifs et des outils avanc\u00e9s de trading.\" \/>\n\t\t<script type=\"application\/ld+json\" class=\"aioseo-schema\">\n\t\t\t{\"@context\":\"https:\\\/\\\/schema.org\",\"@graph\":[{\"@type\":\"BreadcrumbList\",\"@id\":\"https:\\\/\\\/www.vtmarkets.net\\\/fr\\\/forex\\\/#breadcrumblist\",\"itemListElement\":[{\"@type\":\"ListItem\",\"@id\":\"https:\\\/\\\/www.vtmarkets.net\\\/fr#listItem\",\"position\":1,\"name\":\"Home\",\"item\":\"https:\\\/\\\/www.vtmarkets.net\\\/fr\",\"nextItem\":{\"@type\":\"ListItem\",\"@id\":\"https:\\\/\\\/www.vtmarkets.net\\\/fr\\\/forex\\\/#listItem\",\"name\":\"Forex\"}},{\"@type\":\"ListItem\",\"@id\":\"https:\\\/\\\/www.vtmarkets.net\\\/fr\\\/forex\\\/#listItem\",\"position\":2,\"name\":\"Forex\",\"previousItem\":{\"@type\":\"ListItem\",\"@id\":\"https:\\\/\\\/www.vtmarkets.net\\\/fr#listItem\",\"name\":\"Home\"}}]},{\"@type\":\"Organization\",\"@id\":\"https:\\\/\\\/www.vtmarkets.net\\\/fr\\\/#organization\",\"name\":\"VT Markets\",\"url\":\"https:\\\/\\\/www.vtmarkets.net\\\/fr\\\/\"},{\"@type\":\"WebPage\",\"@id\":\"https:\\\/\\\/www.vtmarkets.net\\\/fr\\\/forex\\\/#webpage\",\"url\":\"https:\\\/\\\/www.vtmarkets.net\\\/fr\\\/forex\\\/\",\"name\":\"Forex Trading | FX Trading en Ligne | VT Markets\",\"description\":\"Ouvrez un compte de forex trading avec VT Markets. Acc\\u00e9dez aux march\\u00e9s FX mondiaux avec des spreads comp\\u00e9titifs et des outils avanc\\u00e9s de trading.\",\"inLanguage\":\"en-US\",\"isPartOf\":{\"@id\":\"https:\\\/\\\/www.vtmarkets.net\\\/fr\\\/#website\"},\"breadcrumb\":{\"@id\":\"https:\\\/\\\/www.vtmarkets.net\\\/fr\\\/forex\\\/#breadcrumblist\"},\"datePublished\":\"2024-11-11T06:40:41+00:00\",\"dateModified\":\"2025-05-02T03:06:44+00:00\"},{\"@type\":\"WebSite\",\"@id\":\"https:\\\/\\\/www.vtmarkets.net\\\/fr\\\/#website\",\"url\":\"https:\\\/\\\/www.vtmarkets.net\\\/fr\\\/\",\"name\":\"VT Markets\",\"inLanguage\":\"en-US\",\"publisher\":{\"@id\":\"https:\\\/\\\/www.vtmarkets.net\\\/fr\\\/#organization\"}}]}\n\t\t<\/script>\n\t\t<!-- All in One SEO Pro -->\r\n\t\t<title>Forex Trading | FX Trading en Ligne | VT Markets<\/title>\n\n","aioseo_head_json":{"title":"Forex Trading | FX Trading en Ligne | VT Markets","description":"Ouvrez un compte de forex trading avec VT Markets. Acc\u00e9dez aux march\u00e9s FX mondiaux avec des spreads comp\u00e9titifs et des outils avanc\u00e9s de trading.","canonical_url":"https:\/\/www.vtmarkets.net\/fr\/forex\/","robots":"max-image-preview:large","keywords":"","webmasterTools":{"miscellaneous":""},"schema":{"@context":"https:\/\/schema.org","@graph":[{"@type":"BreadcrumbList","@id":"https:\/\/www.vtmarkets.net\/fr\/forex\/#breadcrumblist","itemListElement":[{"@type":"ListItem","@id":"https:\/\/www.vtmarkets.net\/fr#listItem","position":1,"name":"Home","item":"https:\/\/www.vtmarkets.net\/fr","nextItem":{"@type":"ListItem","@id":"https:\/\/www.vtmarkets.net\/fr\/forex\/#listItem","name":"Forex"}},{"@type":"ListItem","@id":"https:\/\/www.vtmarkets.net\/fr\/forex\/#listItem","position":2,"name":"Forex","previousItem":{"@type":"ListItem","@id":"https:\/\/www.vtmarkets.net\/fr#listItem","name":"Home"}}]},{"@type":"Organization","@id":"https:\/\/www.vtmarkets.net\/fr\/#organization","name":"VT Markets","url":"https:\/\/www.vtmarkets.net\/fr\/"},{"@type":"WebPage","@id":"https:\/\/www.vtmarkets.net\/fr\/forex\/#webpage","url":"https:\/\/www.vtmarkets.net\/fr\/forex\/","name":"Forex Trading | FX Trading en Ligne | VT Markets","description":"Ouvrez un compte de forex trading avec VT Markets. Acc\u00e9dez aux march\u00e9s FX mondiaux avec des spreads comp\u00e9titifs et des outils avanc\u00e9s de trading.","inLanguage":"en-US","isPartOf":{"@id":"https:\/\/www.vtmarkets.net\/fr\/#website"},"breadcrumb":{"@id":"https:\/\/www.vtmarkets.net\/fr\/forex\/#breadcrumblist"},"datePublished":"2024-11-11T06:40:41+00:00","dateModified":"2025-05-02T03:06:44+00:00"},{"@type":"WebSite","@id":"https:\/\/www.vtmarkets.net\/fr\/#website","url":"https:\/\/www.vtmarkets.net\/fr\/","name":"VT Markets","inLanguage":"en-US","publisher":{"@id":"https:\/\/www.vtmarkets.net\/fr\/#organization"}}]},"og:locale":"en_US","og:site_name":"VT Markets -","og:type":"article","og:title":"Forex Trading | FX Trading en Ligne | VT Markets","og:description":"Ouvrez un compte de forex trading avec VT Markets. Acc\u00e9dez aux march\u00e9s FX mondiaux avec des spreads comp\u00e9titifs et des outils avanc\u00e9s de trading.","og:url":"https:\/\/www.vtmarkets.net\/fr\/forex\/","article:published_time":"2024-11-11T06:40:41+00:00","article:modified_time":"2025-05-02T03:06:44+00:00","twitter:card":"summary_large_image","twitter:title":"Forex Trading | FX Trading en Ligne | VT Markets","twitter:description":"Ouvrez un compte de forex trading avec VT Markets. Acc\u00e9dez aux march\u00e9s FX mondiaux avec des spreads comp\u00e9titifs et des outils avanc\u00e9s de trading."},"aioseo_meta_data":{"post_id":"123","title":"Forex Trading | FX Trading en Ligne | VT Markets","description":"Ouvrez un compte de forex trading avec VT Markets. Acc\u00e9dez aux march\u00e9s FX mondiaux avec des spreads comp\u00e9titifs et des outils avanc\u00e9s de trading.","keywords":null,"keyphrases":{"focus":{"keyphrase":"","score":0,"analysis":{"keyphraseInTitle":{"score":0,"maxScore":9,"error":1}}},"additional":[]},"primary_term":null,"canonical_url":null,"og_title":null,"og_description":null,"og_object_type":"default","og_image_type":"default","og_image_url":null,"og_image_width":null,"og_image_height":null,"og_image_custom_url":null,"og_image_custom_fields":null,"og_video":"","og_custom_url":null,"og_article_section":null,"og_article_tags":null,"twitter_use_og":false,"twitter_card":"default","twitter_image_type":"default","twitter_image_url":null,"twitter_image_custom_url":null,"twitter_image_custom_fields":null,"twitter_title":null,"twitter_description":null,"schema":{"blockGraphs":[],"customGraphs":[],"default":{"data":{"Article":[],"Course":[],"Dataset":[],"FAQPage":[],"Movie":[],"Person":[],"Product":[],"ProductReview":[],"Car":[],"Recipe":[],"Service":[],"SoftwareApplication":[],"WebPage":[]},"graphName":"WebPage","isEnabled":true},"graphs":[]},"schema_type":"default","schema_type_options":null,"pillar_content":false,"robots_default":true,"robots_noindex":false,"robots_noarchive":false,"robots_nosnippet":false,"robots_nofollow":false,"robots_noimageindex":false,"robots_noodp":false,"robots_notranslate":false,"robots_max_snippet":"-1","robots_max_videopreview":"-1","robots_max_imagepreview":"large","priority":null,"frequency":"default","local_seo":null,"seo_analyzer_scan_date":"2025-10-08 17:46:46","breadcrumb_settings":null,"limit_modified_date":false,"reviewed_by":null,"open_ai":"{\"title\":{\"suggestions\":[],\"usage\":0},\"description\":{\"suggestions\":[],\"usage\":0}}","ai":null,"created":"2025-02-12 02:10:22","updated":"2026-03-27 01:34:58"},"aioseo_breadcrumb":"<div class=\"aioseo-breadcrumbs\"><span class=\"aioseo-breadcrumb\">\n\t<a href=\"https:\/\/www.vtmarkets.net\/fr\" title=\"Home\">Home<\/a>\n<\/span><span class=\"aioseo-breadcrumb-separator\">&raquo;<\/span><span class=\"aioseo-breadcrumb\">\n\tForex\n<\/span><\/div>","aioseo_breadcrumb_json":[{"label":"Home","link":"https:\/\/www.vtmarkets.net\/fr"},{"label":"Forex","link":"https:\/\/www.vtmarkets.net\/fr\/forex\/"}],"_links":{"self":[{"href":"https:\/\/www.vtmarkets.net\/fr\/wp-json\/wp\/v2\/pages\/123","targetHints":{"allow":["GET"]}}],"collection":[{"href":"https:\/\/www.vtmarkets.net\/fr\/wp-json\/wp\/v2\/pages"}],"about":[{"href":"https:\/\/www.vtmarkets.net\/fr\/wp-json\/wp\/v2\/types\/page"}],"author":[{"embeddable":true,"href":"https:\/\/www.vtmarkets.net\/fr\/wp-json\/wp\/v2\/users\/2"}],"replies":[{"embeddable":true,"href":"https:\/\/www.vtmarkets.net\/fr\/wp-json\/wp\/v2\/comments?post=123"}],"version-history":[{"count":0,"href":"https:\/\/www.vtmarkets.net\/fr\/wp-json\/wp\/v2\/pages\/123\/revisions"}],"wp:attachment":[{"href":"https:\/\/www.vtmarkets.net\/fr\/wp-json\/wp\/v2\/media?parent=123"}],"curies":[{"name":"wp","href":"https:\/\/api.w.org\/{rel}","templated":true}]}}